{"id":98068,"date":"2026-04-17T10:38:53","date_gmt":"2026-04-17T10:38:53","guid":{"rendered":""},"modified":"2026-04-17T10:38:53","modified_gmt":"2026-04-17T10:38:53","slug":"euroline-zubehor-trittleiter-sicherung-dachtrager-sale-98068","status":"publish","type":"product","link":"https:\/\/www.baunor.com\/produkt\/euroline-zubehor-trittleiter-sicherung-dachtrager-sale-98068\/","title":{"rendered":"Euroline Zubeh\u00f6r Trittleiter Sicherung Dachtr\u00e4ger Sale"},"content":{"rendered":"<h2 class=\"product-detail-description-title fs-4 mb-0\">        Euroline Zubeh\u00f6r Trittleiter Sicherung Dachtr\u00e4ger    <\/h2>\n<div class=\"product-detail-description-text\"         itemprop=\"description\">\n<div class=\"product--description\">\n<div class=\"product-information-name product-information-name-big\">Merkmale<\/div>\n<div class=\"product-information-value product-information-value-big\">\n<ul>\n<li>Die optimale Leiterbefestigung f\u00fcr den Dachgep\u00e4cktr\u00e4ger<\/li>\n<li>Das System hat einen robusten Hebel sowie eine stabile Auflage und bietet in Verbindung mit einem rostfreien Stahlankerb\u00fcgel eine hohe Stabilit\u00e4t<\/li>\n<\/ul>\n<\/div><\/div>\n<\/p><\/div>\n<\/p><\/div>\n<\/p><\/div>\n<\/p><\/div>\n","protected":false},"excerpt":{"rendered":"<p>Euroline Zubeh\u00f6r Trittleiter Sicherung Dachtr\u00e4ger Merkmale Die optimale Leiterbefestigung f\u00fcr den Dachgep\u00e4cktr\u00e4ger Das System hat einen robusten Hebel sowie eine stabile Auflage und bietet in Verbindung mit einem rostfreien Stahlankerb\u00fcgel eine hohe Stabilit\u00e4t<\/p>\n","protected":false},"featured_media":98168,"template":"","meta":[],"product_brand":[],"product_cat":[79],"product_tag":[],"class_list":{"0":"post-98068","1":"product","2":"type-product","3":"status-publish","4":"has-post-thumbnail","6":"product_cat-werkstatt","8":"first","9":"instock","10":"sale","11":"shipping-taxable","12":"purchasable","13":"product-type-simple"},"yoast_head":"<!-- This site is optimized with the Yoast SEO plugin v27.3 - https:\/\/yoast.com\/product\/yoast-seo-wordpress\/ -->\n<title>Euroline Zubeh\u00f6r Trittleiter Sicherung Dachtr\u00e4ger Sale - Baubedarf &amp; Werkzeuge online kaufen<\/title>\n<meta name=\"robots\" content=\"index, follow, max-snippet:-1, max-image-preview:large, max-video-preview:-1\" \/>\n<link rel=\"canonical\" href=\"https:\/\/www.baunor.com\/index.php\/produkt\/euroline-zubehor-trittleiter-sicherung-dachtrager-sale-98068\/\" \/>\n<meta property=\"og:locale\" content=\"de_DE\" \/>\n<meta property=\"og:type\" content=\"article\" \/>\n<meta property=\"og:title\" content=\"Euroline Zubeh\u00f6r Trittleiter Sicherung Dachtr\u00e4ger Sale - Baubedarf &amp; Werkzeuge online kaufen\" \/>\n<meta property=\"og:description\" content=\"Euroline Zubeh\u00f6r Trittleiter Sicherung Dachtr\u00e4ger Merkmale Die optimale Leiterbefestigung f\u00fcr den Dachgep\u00e4cktr\u00e4ger Das System hat einen robusten Hebel sowie eine stabile Auflage und bietet in Verbindung mit einem rostfreien Stahlankerb\u00fcgel eine hohe Stabilit\u00e4t\" \/>\n<meta property=\"og:url\" content=\"https:\/\/www.baunor.com\/index.php\/produkt\/euroline-zubehor-trittleiter-sicherung-dachtrager-sale-98068\/\" \/>\n<meta property=\"og:site_name\" content=\"Baubedarf &amp; Werkzeuge online kaufen\" \/>\n<meta property=\"og:image\" content=\"https:\/\/www.baunor.com\/wp-content\/uploads\/2026\/SK0030125-DE20260408-083406-0-1775608450-euroline_2017_foto_zubehoer-trittleiter-sicherung-dachtraeg.webp\" \/>\n\t<meta property=\"og:image:width\" content=\"765\" \/>\n\t<meta property=\"og:image:height\" content=\"569\" \/>\n\t<meta property=\"og:image:type\" content=\"image\/webp\" \/>\n<meta name=\"twitter:card\" content=\"summary_large_image\" \/>\n<script type=\"application\/ld+json\" class=\"yoast-schema-graph\">{\"@context\":\"https:\\\/\\\/schema.org\",\"@graph\":[{\"@type\":\"WebPage\",\"@id\":\"https:\\\/\\\/www.baunor.com\\\/index.php\\\/produkt\\\/euroline-zubehor-trittleiter-sicherung-dachtrager-sale-98068\\\/\",\"url\":\"https:\\\/\\\/www.baunor.com\\\/index.php\\\/produkt\\\/euroline-zubehor-trittleiter-sicherung-dachtrager-sale-98068\\\/\",\"name\":\"Euroline Zubeh\u00f6r Trittleiter Sicherung Dachtr\u00e4ger Sale - Baubedarf &amp; Werkzeuge online kaufen\",\"isPartOf\":{\"@id\":\"https:\\\/\\\/www.baunor.com\\\/#website\"},\"primaryImageOfPage\":{\"@id\":\"https:\\\/\\\/www.baunor.com\\\/index.php\\\/produkt\\\/euroline-zubehor-trittleiter-sicherung-dachtrager-sale-98068\\\/#primaryimage\"},\"image\":{\"@id\":\"https:\\\/\\\/www.baunor.com\\\/index.php\\\/produkt\\\/euroline-zubehor-trittleiter-sicherung-dachtrager-sale-98068\\\/#primaryimage\"},\"thumbnailUrl\":\"https:\\\/\\\/www.baunor.com\\\/wp-content\\\/uploads\\\/2026\\\/SK0030125-DE20260408-083406-0-1775608450-euroline_2017_foto_zubehoer-trittleiter-sicherung-dachtraeg.webp\",\"datePublished\":\"2026-04-17T10:38:53+00:00\",\"breadcrumb\":{\"@id\":\"https:\\\/\\\/www.baunor.com\\\/index.php\\\/produkt\\\/euroline-zubehor-trittleiter-sicherung-dachtrager-sale-98068\\\/#breadcrumb\"},\"inLanguage\":\"de\",\"potentialAction\":[{\"@type\":\"ReadAction\",\"target\":[\"https:\\\/\\\/www.baunor.com\\\/index.php\\\/produkt\\\/euroline-zubehor-trittleiter-sicherung-dachtrager-sale-98068\\\/\"]}]},{\"@type\":\"ImageObject\",\"inLanguage\":\"de\",\"@id\":\"https:\\\/\\\/www.baunor.com\\\/index.php\\\/produkt\\\/euroline-zubehor-trittleiter-sicherung-dachtrager-sale-98068\\\/#primaryimage\",\"url\":\"https:\\\/\\\/www.baunor.com\\\/wp-content\\\/uploads\\\/2026\\\/SK0030125-DE20260408-083406-0-1775608450-euroline_2017_foto_zubehoer-trittleiter-sicherung-dachtraeg.webp\",\"contentUrl\":\"https:\\\/\\\/www.baunor.com\\\/wp-content\\\/uploads\\\/2026\\\/SK0030125-DE20260408-083406-0-1775608450-euroline_2017_foto_zubehoer-trittleiter-sicherung-dachtraeg.webp\",\"width\":765,\"height\":569},{\"@type\":\"BreadcrumbList\",\"@id\":\"https:\\\/\\\/www.baunor.com\\\/index.php\\\/produkt\\\/euroline-zubehor-trittleiter-sicherung-dachtrager-sale-98068\\\/#breadcrumb\",\"itemListElement\":[{\"@type\":\"ListItem\",\"position\":1,\"name\":\"Home\",\"item\":\"https:\\\/\\\/www.baunor.com\\\/\"},{\"@type\":\"ListItem\",\"position\":2,\"name\":\"Take Your Adventure To The Next Level\",\"item\":\"https:\\\/\\\/www.baunor.com\\\/index.php\\\/shop-2\\\/\"},{\"@type\":\"ListItem\",\"position\":3,\"name\":\"Euroline Zubeh\u00f6r Trittleiter Sicherung Dachtr\u00e4ger Sale\"}]},{\"@type\":\"WebSite\",\"@id\":\"https:\\\/\\\/www.baunor.com\\\/#website\",\"url\":\"https:\\\/\\\/www.baunor.com\\\/\",\"name\":\"Baubedarf &amp; Werkzeuge online kaufen\",\"description\":\"Baubedarf &amp; Werkzeuge online kaufen\",\"publisher\":{\"@id\":\"https:\\\/\\\/www.baunor.com\\\/#organization\"},\"potentialAction\":[{\"@type\":\"SearchAction\",\"target\":{\"@type\":\"EntryPoint\",\"urlTemplate\":\"https:\\\/\\\/www.baunor.com\\\/?s={search_term_string}\"},\"query-input\":{\"@type\":\"PropertyValueSpecification\",\"valueRequired\":true,\"valueName\":\"search_term_string\"}}],\"inLanguage\":\"de\"},{\"@type\":\"Organization\",\"@id\":\"https:\\\/\\\/www.baunor.com\\\/#organization\",\"name\":\"Baubedarf &amp; Werkzeuge online kaufen\",\"url\":\"https:\\\/\\\/www.baunor.com\\\/\",\"logo\":{\"@type\":\"ImageObject\",\"inLanguage\":\"de\",\"@id\":\"https:\\\/\\\/www.baunor.com\\\/#\\\/schema\\\/logo\\\/image\\\/\",\"url\":\"https:\\\/\\\/www.baunor.com\\\/wp-content\\\/uploads\\\/2026\\\/04\\\/baunor_logo_460x100_v2.svg\",\"contentUrl\":\"https:\\\/\\\/www.baunor.com\\\/wp-content\\\/uploads\\\/2026\\\/04\\\/baunor_logo_460x100_v2.svg\",\"width\":460,\"height\":100,\"caption\":\"Baubedarf &amp; Werkzeuge online kaufen\"},\"image\":{\"@id\":\"https:\\\/\\\/www.baunor.com\\\/#\\\/schema\\\/logo\\\/image\\\/\"}}]}<\/script>\n<!-- \/ Yoast SEO plugin. -->","yoast_head_json":{"title":"Euroline Zubeh\u00f6r Trittleiter Sicherung Dachtr\u00e4ger Sale - Baubedarf &amp; Werkzeuge online kaufen","robots":{"index":"index","follow":"follow","max-snippet":"max-snippet:-1","max-image-preview":"max-image-preview:large","max-video-preview":"max-video-preview:-1"},"canonical":"https:\/\/www.baunor.com\/index.php\/produkt\/euroline-zubehor-trittleiter-sicherung-dachtrager-sale-98068\/","og_locale":"de_DE","og_type":"article","og_title":"Euroline Zubeh\u00f6r Trittleiter Sicherung Dachtr\u00e4ger Sale - Baubedarf &amp; Werkzeuge online kaufen","og_description":"Euroline Zubeh\u00f6r Trittleiter Sicherung Dachtr\u00e4ger Merkmale Die optimale Leiterbefestigung f\u00fcr den Dachgep\u00e4cktr\u00e4ger Das System hat einen robusten Hebel sowie eine stabile Auflage und bietet in Verbindung mit einem rostfreien Stahlankerb\u00fcgel eine hohe Stabilit\u00e4t","og_url":"https:\/\/www.baunor.com\/index.php\/produkt\/euroline-zubehor-trittleiter-sicherung-dachtrager-sale-98068\/","og_site_name":"Baubedarf &amp; Werkzeuge online kaufen","og_image":[{"width":765,"height":569,"url":"https:\/\/www.baunor.com\/wp-content\/uploads\/2026\/SK0030125-DE20260408-083406-0-1775608450-euroline_2017_foto_zubehoer-trittleiter-sicherung-dachtraeg.webp","type":"image\/webp"}],"twitter_card":"summary_large_image","schema":{"@context":"https:\/\/schema.org","@graph":[{"@type":"WebPage","@id":"https:\/\/www.baunor.com\/index.php\/produkt\/euroline-zubehor-trittleiter-sicherung-dachtrager-sale-98068\/","url":"https:\/\/www.baunor.com\/index.php\/produkt\/euroline-zubehor-trittleiter-sicherung-dachtrager-sale-98068\/","name":"Euroline Zubeh\u00f6r Trittleiter Sicherung Dachtr\u00e4ger Sale - Baubedarf &amp; Werkzeuge online kaufen","isPartOf":{"@id":"https:\/\/www.baunor.com\/#website"},"primaryImageOfPage":{"@id":"https:\/\/www.baunor.com\/index.php\/produkt\/euroline-zubehor-trittleiter-sicherung-dachtrager-sale-98068\/#primaryimage"},"image":{"@id":"https:\/\/www.baunor.com\/index.php\/produkt\/euroline-zubehor-trittleiter-sicherung-dachtrager-sale-98068\/#primaryimage"},"thumbnailUrl":"https:\/\/www.baunor.com\/wp-content\/uploads\/2026\/SK0030125-DE20260408-083406-0-1775608450-euroline_2017_foto_zubehoer-trittleiter-sicherung-dachtraeg.webp","datePublished":"2026-04-17T10:38:53+00:00","breadcrumb":{"@id":"https:\/\/www.baunor.com\/index.php\/produkt\/euroline-zubehor-trittleiter-sicherung-dachtrager-sale-98068\/#breadcrumb"},"inLanguage":"de","potentialAction":[{"@type":"ReadAction","target":["https:\/\/www.baunor.com\/index.php\/produkt\/euroline-zubehor-trittleiter-sicherung-dachtrager-sale-98068\/"]}]},{"@type":"ImageObject","inLanguage":"de","@id":"https:\/\/www.baunor.com\/index.php\/produkt\/euroline-zubehor-trittleiter-sicherung-dachtrager-sale-98068\/#primaryimage","url":"https:\/\/www.baunor.com\/wp-content\/uploads\/2026\/SK0030125-DE20260408-083406-0-1775608450-euroline_2017_foto_zubehoer-trittleiter-sicherung-dachtraeg.webp","contentUrl":"https:\/\/www.baunor.com\/wp-content\/uploads\/2026\/SK0030125-DE20260408-083406-0-1775608450-euroline_2017_foto_zubehoer-trittleiter-sicherung-dachtraeg.webp","width":765,"height":569},{"@type":"BreadcrumbList","@id":"https:\/\/www.baunor.com\/index.php\/produkt\/euroline-zubehor-trittleiter-sicherung-dachtrager-sale-98068\/#breadcrumb","itemListElement":[{"@type":"ListItem","position":1,"name":"Home","item":"https:\/\/www.baunor.com\/"},{"@type":"ListItem","position":2,"name":"Take Your Adventure To The Next Level","item":"https:\/\/www.baunor.com\/index.php\/shop-2\/"},{"@type":"ListItem","position":3,"name":"Euroline Zubeh\u00f6r Trittleiter Sicherung Dachtr\u00e4ger Sale"}]},{"@type":"WebSite","@id":"https:\/\/www.baunor.com\/#website","url":"https:\/\/www.baunor.com\/","name":"Baubedarf &amp; Werkzeuge online kaufen","description":"Baubedarf &amp; Werkzeuge online kaufen","publisher":{"@id":"https:\/\/www.baunor.com\/#organization"},"potentialAction":[{"@type":"SearchAction","target":{"@type":"EntryPoint","urlTemplate":"https:\/\/www.baunor.com\/?s={search_term_string}"},"query-input":{"@type":"PropertyValueSpecification","valueRequired":true,"valueName":"search_term_string"}}],"inLanguage":"de"},{"@type":"Organization","@id":"https:\/\/www.baunor.com\/#organization","name":"Baubedarf &amp; Werkzeuge online kaufen","url":"https:\/\/www.baunor.com\/","logo":{"@type":"ImageObject","inLanguage":"de","@id":"https:\/\/www.baunor.com\/#\/schema\/logo\/image\/","url":"https:\/\/www.baunor.com\/wp-content\/uploads\/2026\/04\/baunor_logo_460x100_v2.svg","contentUrl":"https:\/\/www.baunor.com\/wp-content\/uploads\/2026\/04\/baunor_logo_460x100_v2.svg","width":460,"height":100,"caption":"Baubedarf &amp; Werkzeuge online kaufen"},"image":{"@id":"https:\/\/www.baunor.com\/#\/schema\/logo\/image\/"}}]}},"_links":{"self":[{"href":"https:\/\/www.baunor.com\/wp-json\/wp\/v2\/product\/98068","targetHints":{"allow":["GET"]}}],"collection":[{"href":"https:\/\/www.baunor.com\/wp-json\/wp\/v2\/product"}],"about":[{"href":"https:\/\/www.baunor.com\/wp-json\/wp\/v2\/types\/product"}],"wp:featuredmedia":[{"embeddable":true,"href":"https:\/\/www.baunor.com\/wp-json\/wp\/v2\/media\/98168"}],"wp:attachment":[{"href":"https:\/\/www.baunor.com\/wp-json\/wp\/v2\/media?parent=98068"}],"wp:term":[{"taxonomy":"product_brand","embeddable":true,"href":"https:\/\/www.baunor.com\/wp-json\/wp\/v2\/product_brand?post=98068"},{"taxonomy":"product_cat","embeddable":true,"href":"https:\/\/www.baunor.com\/wp-json\/wp\/v2\/product_cat?post=98068"},{"taxonomy":"product_tag","embeddable":true,"href":"https:\/\/www.baunor.com\/wp-json\/wp\/v2\/product_tag?post=98068"}],"curies":[{"name":"wp","href":"https:\/\/api.w.org\/{rel}","templated":true}]}}