{"id":98067,"date":"2026-04-17T10:38:53","date_gmt":"2026-04-17T10:38:53","guid":{"rendered":""},"modified":"2026-04-17T10:38:53","modified_gmt":"2026-04-17T10:38:53","slug":"billig-forum-pinselburste-rostfrei-6-mm-20-x-29-x-0-26-mm-gezopft-98067","status":"publish","type":"product","link":"https:\/\/www.baunor.com\/produkt\/billig-forum-pinselburste-rostfrei-6-mm-20-x-29-x-0-26-mm-gezopft-98067\/","title":{"rendered":"Billig Forum Pinselb\u00fcrste rostfrei 6 mm 20 x 29 x 0,26 mm gezopft"},"content":{"rendered":"<h2 class=\"product-detail-description-title fs-4 mb-0\">        Forum Pinselb\u00fcrste rostfrei 6 mm 20 x 29 x 0,26 mm gezopft    <\/h2>\n<div class=\"product-detail-description-text\"         itemprop=\"description\">\n<div class=\"product--description\">\n<div class=\"product-information-name product-information-name-big\">Produktmerkmale<\/div>\n<div class=\"product-information-name\">Besatzl\u00e4nge<\/div>\n<div class=\"product-information-value\">29 mm<\/div>\n<div class=\"product-information-name product-information-name-big\">Abmessungen<\/div>\n<div class=\"product-information-name\">B\u00fcrstendurchmesser<\/div>\n<div class=\"product-information-value\">20 mm<\/div>\n<div class=\"product-information-name product-information-name-big\">Material und Farbe<\/div>\n<div class=\"product-information-name\">Drahtst\u00e4rke<\/div>\n<div class=\"product-information-value\">0,26 mm<\/div>\n<div class=\"product-information-name product-information-name-big\">Energie und Leistung<\/div>\n<div class=\"product-information-name\">max. Drehzahl<\/div>\n<div class=\"product-information-value\">20000 min-1<\/div>\n<div class=\"product-information-name product-information-name-big\">Merkmale<\/div>\n<div class=\"product-information-value product-information-value-big\">\n<ul>\n<li>Pinselb\u00fcrste, Stahldraht rostfrei, gewellt<\/li>\n<li>Schaft-\u00d8 6 mm<\/li>\n<li>F\u00fcr leichte bis mittelschwere Reinigungsarbeiten<\/li>\n<li>Zum Aufrauen, Entgraten, Entlacken, Entzundern, Mattieren und Reinigen<\/li>\n<\/ul>\n<\/div><\/div>\n<\/p><\/div>\n<\/p><\/div>\n<\/p><\/div>\n<\/p><\/div>\n","protected":false},"excerpt":{"rendered":"<p>Forum Pinselb\u00fcrste rostfrei 6 mm 20 x 29 x 0,26 mm gezopft Produktmerkmale Besatzl\u00e4nge 29 mm Abmessungen B\u00fcrstendurchmesser 20 mm Material und Farbe Drahtst\u00e4rke 0,26 mm Energie und Leistung max. Drehzahl 20000 min-1 Merkmale Pinselb\u00fcrste, Stahldraht rostfrei, gewellt Schaft-\u00d8 6 mm F\u00fcr leichte bis mittelschwere Reinigungsarbeiten Zum Aufrauen, Entgraten, Entlacken, Entzundern, Mattieren und Reinigen<\/p>\n","protected":false},"featured_media":98167,"template":"","meta":[],"product_brand":[],"product_cat":[79],"product_tag":[],"class_list":{"0":"post-98067","1":"product","2":"type-product","3":"status-publish","4":"has-post-thumbnail","6":"product_cat-werkstatt","8":"first","9":"instock","10":"sale","11":"shipping-taxable","12":"purchasable","13":"product-type-simple"},"yoast_head":"<!-- This site is optimized with the Yoast SEO plugin v27.3 - https:\/\/yoast.com\/product\/yoast-seo-wordpress\/ -->\n<title>Billig Forum Pinselb\u00fcrste rostfrei 6 mm 20 x 29 x 0,26 mm gezopft - Baubedarf &amp; Werkzeuge online kaufen<\/title>\n<meta name=\"robots\" content=\"index, follow, max-snippet:-1, max-image-preview:large, max-video-preview:-1\" \/>\n<link rel=\"canonical\" href=\"https:\/\/www.baunor.com\/index.php\/produkt\/billig-forum-pinselburste-rostfrei-6-mm-20-x-29-x-0-26-mm-gezopft-98067\/\" \/>\n<meta property=\"og:locale\" content=\"de_DE\" \/>\n<meta property=\"og:type\" content=\"article\" \/>\n<meta property=\"og:title\" content=\"Billig Forum Pinselb\u00fcrste rostfrei 6 mm 20 x 29 x 0,26 mm gezopft - Baubedarf &amp; Werkzeuge online kaufen\" \/>\n<meta property=\"og:description\" content=\"Forum Pinselb\u00fcrste rostfrei 6 mm 20 x 29 x 0,26 mm gezopft Produktmerkmale Besatzl\u00e4nge 29 mm Abmessungen B\u00fcrstendurchmesser 20 mm Material und Farbe Drahtst\u00e4rke 0,26 mm Energie und Leistung max. Drehzahl 20000 min-1 Merkmale Pinselb\u00fcrste, Stahldraht rostfrei, gewellt Schaft-\u00d8 6 mm F\u00fcr leichte bis mittelschwere Reinigungsarbeiten Zum Aufrauen, Entgraten, Entlacken, Entzundern, Mattieren und Reinigen\" \/>\n<meta property=\"og:url\" content=\"https:\/\/www.baunor.com\/index.php\/produkt\/billig-forum-pinselburste-rostfrei-6-mm-20-x-29-x-0-26-mm-gezopft-98067\/\" \/>\n<meta property=\"og:site_name\" content=\"Baubedarf &amp; Werkzeuge online kaufen\" \/>\n<meta property=\"og:image\" content=\"https:\/\/www.baunor.com\/wp-content\/uploads\/2026\/SK0030124-DE20260408-083406-0-1775608450-forum_2019_freisteller_pinselbuerste-6-mm.webp\" \/>\n\t<meta property=\"og:image:width\" content=\"355\" \/>\n\t<meta property=\"og:image:height\" content=\"800\" \/>\n\t<meta property=\"og:image:type\" content=\"image\/webp\" \/>\n<meta name=\"twitter:card\" content=\"summary_large_image\" \/>\n<script type=\"application\/ld+json\" class=\"yoast-schema-graph\">{\"@context\":\"https:\\\/\\\/schema.org\",\"@graph\":[{\"@type\":\"WebPage\",\"@id\":\"https:\\\/\\\/www.baunor.com\\\/index.php\\\/produkt\\\/billig-forum-pinselburste-rostfrei-6-mm-20-x-29-x-0-26-mm-gezopft-98067\\\/\",\"url\":\"https:\\\/\\\/www.baunor.com\\\/index.php\\\/produkt\\\/billig-forum-pinselburste-rostfrei-6-mm-20-x-29-x-0-26-mm-gezopft-98067\\\/\",\"name\":\"Billig Forum Pinselb\u00fcrste rostfrei 6 mm 20 x 29 x 0,26 mm gezopft - Baubedarf &amp; Werkzeuge online kaufen\",\"isPartOf\":{\"@id\":\"https:\\\/\\\/www.baunor.com\\\/#website\"},\"primaryImageOfPage\":{\"@id\":\"https:\\\/\\\/www.baunor.com\\\/index.php\\\/produkt\\\/billig-forum-pinselburste-rostfrei-6-mm-20-x-29-x-0-26-mm-gezopft-98067\\\/#primaryimage\"},\"image\":{\"@id\":\"https:\\\/\\\/www.baunor.com\\\/index.php\\\/produkt\\\/billig-forum-pinselburste-rostfrei-6-mm-20-x-29-x-0-26-mm-gezopft-98067\\\/#primaryimage\"},\"thumbnailUrl\":\"https:\\\/\\\/www.baunor.com\\\/wp-content\\\/uploads\\\/2026\\\/SK0030124-DE20260408-083406-0-1775608450-forum_2019_freisteller_pinselbuerste-6-mm.webp\",\"datePublished\":\"2026-04-17T10:38:53+00:00\",\"breadcrumb\":{\"@id\":\"https:\\\/\\\/www.baunor.com\\\/index.php\\\/produkt\\\/billig-forum-pinselburste-rostfrei-6-mm-20-x-29-x-0-26-mm-gezopft-98067\\\/#breadcrumb\"},\"inLanguage\":\"de\",\"potentialAction\":[{\"@type\":\"ReadAction\",\"target\":[\"https:\\\/\\\/www.baunor.com\\\/index.php\\\/produkt\\\/billig-forum-pinselburste-rostfrei-6-mm-20-x-29-x-0-26-mm-gezopft-98067\\\/\"]}]},{\"@type\":\"ImageObject\",\"inLanguage\":\"de\",\"@id\":\"https:\\\/\\\/www.baunor.com\\\/index.php\\\/produkt\\\/billig-forum-pinselburste-rostfrei-6-mm-20-x-29-x-0-26-mm-gezopft-98067\\\/#primaryimage\",\"url\":\"https:\\\/\\\/www.baunor.com\\\/wp-content\\\/uploads\\\/2026\\\/SK0030124-DE20260408-083406-0-1775608450-forum_2019_freisteller_pinselbuerste-6-mm.webp\",\"contentUrl\":\"https:\\\/\\\/www.baunor.com\\\/wp-content\\\/uploads\\\/2026\\\/SK0030124-DE20260408-083406-0-1775608450-forum_2019_freisteller_pinselbuerste-6-mm.webp\",\"width\":355,\"height\":800},{\"@type\":\"BreadcrumbList\",\"@id\":\"https:\\\/\\\/www.baunor.com\\\/index.php\\\/produkt\\\/billig-forum-pinselburste-rostfrei-6-mm-20-x-29-x-0-26-mm-gezopft-98067\\\/#breadcrumb\",\"itemListElement\":[{\"@type\":\"ListItem\",\"position\":1,\"name\":\"Home\",\"item\":\"https:\\\/\\\/www.baunor.com\\\/\"},{\"@type\":\"ListItem\",\"position\":2,\"name\":\"Take Your Adventure To The Next Level\",\"item\":\"https:\\\/\\\/www.baunor.com\\\/index.php\\\/shop-2\\\/\"},{\"@type\":\"ListItem\",\"position\":3,\"name\":\"Billig Forum Pinselb\u00fcrste rostfrei 6 mm 20 x 29 x 0,26 mm gezopft\"}]},{\"@type\":\"WebSite\",\"@id\":\"https:\\\/\\\/www.baunor.com\\\/#website\",\"url\":\"https:\\\/\\\/www.baunor.com\\\/\",\"name\":\"Baubedarf &amp; Werkzeuge online kaufen\",\"description\":\"Baubedarf &amp; Werkzeuge online kaufen\",\"publisher\":{\"@id\":\"https:\\\/\\\/www.baunor.com\\\/#organization\"},\"potentialAction\":[{\"@type\":\"SearchAction\",\"target\":{\"@type\":\"EntryPoint\",\"urlTemplate\":\"https:\\\/\\\/www.baunor.com\\\/?s={search_term_string}\"},\"query-input\":{\"@type\":\"PropertyValueSpecification\",\"valueRequired\":true,\"valueName\":\"search_term_string\"}}],\"inLanguage\":\"de\"},{\"@type\":\"Organization\",\"@id\":\"https:\\\/\\\/www.baunor.com\\\/#organization\",\"name\":\"Baubedarf &amp; Werkzeuge online kaufen\",\"url\":\"https:\\\/\\\/www.baunor.com\\\/\",\"logo\":{\"@type\":\"ImageObject\",\"inLanguage\":\"de\",\"@id\":\"https:\\\/\\\/www.baunor.com\\\/#\\\/schema\\\/logo\\\/image\\\/\",\"url\":\"https:\\\/\\\/www.baunor.com\\\/wp-content\\\/uploads\\\/2026\\\/04\\\/baunor_logo_460x100_v2.svg\",\"contentUrl\":\"https:\\\/\\\/www.baunor.com\\\/wp-content\\\/uploads\\\/2026\\\/04\\\/baunor_logo_460x100_v2.svg\",\"width\":460,\"height\":100,\"caption\":\"Baubedarf &amp; Werkzeuge online kaufen\"},\"image\":{\"@id\":\"https:\\\/\\\/www.baunor.com\\\/#\\\/schema\\\/logo\\\/image\\\/\"}}]}<\/script>\n<!-- \/ Yoast SEO plugin. -->","yoast_head_json":{"title":"Billig Forum Pinselb\u00fcrste rostfrei 6 mm 20 x 29 x 0,26 mm gezopft - Baubedarf &amp; Werkzeuge online kaufen","robots":{"index":"index","follow":"follow","max-snippet":"max-snippet:-1","max-image-preview":"max-image-preview:large","max-video-preview":"max-video-preview:-1"},"canonical":"https:\/\/www.baunor.com\/index.php\/produkt\/billig-forum-pinselburste-rostfrei-6-mm-20-x-29-x-0-26-mm-gezopft-98067\/","og_locale":"de_DE","og_type":"article","og_title":"Billig Forum Pinselb\u00fcrste rostfrei 6 mm 20 x 29 x 0,26 mm gezopft - Baubedarf &amp; Werkzeuge online kaufen","og_description":"Forum Pinselb\u00fcrste rostfrei 6 mm 20 x 29 x 0,26 mm gezopft Produktmerkmale Besatzl\u00e4nge 29 mm Abmessungen B\u00fcrstendurchmesser 20 mm Material und Farbe Drahtst\u00e4rke 0,26 mm Energie und Leistung max. Drehzahl 20000 min-1 Merkmale Pinselb\u00fcrste, Stahldraht rostfrei, gewellt Schaft-\u00d8 6 mm F\u00fcr leichte bis mittelschwere Reinigungsarbeiten Zum Aufrauen, Entgraten, Entlacken, Entzundern, Mattieren und Reinigen","og_url":"https:\/\/www.baunor.com\/index.php\/produkt\/billig-forum-pinselburste-rostfrei-6-mm-20-x-29-x-0-26-mm-gezopft-98067\/","og_site_name":"Baubedarf &amp; Werkzeuge online kaufen","og_image":[{"width":355,"height":800,"url":"https:\/\/www.baunor.com\/wp-content\/uploads\/2026\/SK0030124-DE20260408-083406-0-1775608450-forum_2019_freisteller_pinselbuerste-6-mm.webp","type":"image\/webp"}],"twitter_card":"summary_large_image","schema":{"@context":"https:\/\/schema.org","@graph":[{"@type":"WebPage","@id":"https:\/\/www.baunor.com\/index.php\/produkt\/billig-forum-pinselburste-rostfrei-6-mm-20-x-29-x-0-26-mm-gezopft-98067\/","url":"https:\/\/www.baunor.com\/index.php\/produkt\/billig-forum-pinselburste-rostfrei-6-mm-20-x-29-x-0-26-mm-gezopft-98067\/","name":"Billig Forum Pinselb\u00fcrste rostfrei 6 mm 20 x 29 x 0,26 mm gezopft - Baubedarf &amp; Werkzeuge online kaufen","isPartOf":{"@id":"https:\/\/www.baunor.com\/#website"},"primaryImageOfPage":{"@id":"https:\/\/www.baunor.com\/index.php\/produkt\/billig-forum-pinselburste-rostfrei-6-mm-20-x-29-x-0-26-mm-gezopft-98067\/#primaryimage"},"image":{"@id":"https:\/\/www.baunor.com\/index.php\/produkt\/billig-forum-pinselburste-rostfrei-6-mm-20-x-29-x-0-26-mm-gezopft-98067\/#primaryimage"},"thumbnailUrl":"https:\/\/www.baunor.com\/wp-content\/uploads\/2026\/SK0030124-DE20260408-083406-0-1775608450-forum_2019_freisteller_pinselbuerste-6-mm.webp","datePublished":"2026-04-17T10:38:53+00:00","breadcrumb":{"@id":"https:\/\/www.baunor.com\/index.php\/produkt\/billig-forum-pinselburste-rostfrei-6-mm-20-x-29-x-0-26-mm-gezopft-98067\/#breadcrumb"},"inLanguage":"de","potentialAction":[{"@type":"ReadAction","target":["https:\/\/www.baunor.com\/index.php\/produkt\/billig-forum-pinselburste-rostfrei-6-mm-20-x-29-x-0-26-mm-gezopft-98067\/"]}]},{"@type":"ImageObject","inLanguage":"de","@id":"https:\/\/www.baunor.com\/index.php\/produkt\/billig-forum-pinselburste-rostfrei-6-mm-20-x-29-x-0-26-mm-gezopft-98067\/#primaryimage","url":"https:\/\/www.baunor.com\/wp-content\/uploads\/2026\/SK0030124-DE20260408-083406-0-1775608450-forum_2019_freisteller_pinselbuerste-6-mm.webp","contentUrl":"https:\/\/www.baunor.com\/wp-content\/uploads\/2026\/SK0030124-DE20260408-083406-0-1775608450-forum_2019_freisteller_pinselbuerste-6-mm.webp","width":355,"height":800},{"@type":"BreadcrumbList","@id":"https:\/\/www.baunor.com\/index.php\/produkt\/billig-forum-pinselburste-rostfrei-6-mm-20-x-29-x-0-26-mm-gezopft-98067\/#breadcrumb","itemListElement":[{"@type":"ListItem","position":1,"name":"Home","item":"https:\/\/www.baunor.com\/"},{"@type":"ListItem","position":2,"name":"Take Your Adventure To The Next Level","item":"https:\/\/www.baunor.com\/index.php\/shop-2\/"},{"@type":"ListItem","position":3,"name":"Billig Forum Pinselb\u00fcrste rostfrei 6 mm 20 x 29 x 0,26 mm gezopft"}]},{"@type":"WebSite","@id":"https:\/\/www.baunor.com\/#website","url":"https:\/\/www.baunor.com\/","name":"Baubedarf &amp; Werkzeuge online kaufen","description":"Baubedarf &amp; Werkzeuge online kaufen","publisher":{"@id":"https:\/\/www.baunor.com\/#organization"},"potentialAction":[{"@type":"SearchAction","target":{"@type":"EntryPoint","urlTemplate":"https:\/\/www.baunor.com\/?s={search_term_string}"},"query-input":{"@type":"PropertyValueSpecification","valueRequired":true,"valueName":"search_term_string"}}],"inLanguage":"de"},{"@type":"Organization","@id":"https:\/\/www.baunor.com\/#organization","name":"Baubedarf &amp; Werkzeuge online kaufen","url":"https:\/\/www.baunor.com\/","logo":{"@type":"ImageObject","inLanguage":"de","@id":"https:\/\/www.baunor.com\/#\/schema\/logo\/image\/","url":"https:\/\/www.baunor.com\/wp-content\/uploads\/2026\/04\/baunor_logo_460x100_v2.svg","contentUrl":"https:\/\/www.baunor.com\/wp-content\/uploads\/2026\/04\/baunor_logo_460x100_v2.svg","width":460,"height":100,"caption":"Baubedarf &amp; Werkzeuge online kaufen"},"image":{"@id":"https:\/\/www.baunor.com\/#\/schema\/logo\/image\/"}}]}},"_links":{"self":[{"href":"https:\/\/www.baunor.com\/wp-json\/wp\/v2\/product\/98067","targetHints":{"allow":["GET"]}}],"collection":[{"href":"https:\/\/www.baunor.com\/wp-json\/wp\/v2\/product"}],"about":[{"href":"https:\/\/www.baunor.com\/wp-json\/wp\/v2\/types\/product"}],"wp:featuredmedia":[{"embeddable":true,"href":"https:\/\/www.baunor.com\/wp-json\/wp\/v2\/media\/98167"}],"wp:attachment":[{"href":"https:\/\/www.baunor.com\/wp-json\/wp\/v2\/media?parent=98067"}],"wp:term":[{"taxonomy":"product_brand","embeddable":true,"href":"https:\/\/www.baunor.com\/wp-json\/wp\/v2\/product_brand?post=98067"},{"taxonomy":"product_cat","embeddable":true,"href":"https:\/\/www.baunor.com\/wp-json\/wp\/v2\/product_cat?post=98067"},{"taxonomy":"product_tag","embeddable":true,"href":"https:\/\/www.baunor.com\/wp-json\/wp\/v2\/product_tag?post=98067"}],"curies":[{"name":"wp","href":"https:\/\/api.w.org\/{rel}","templated":true}]}}