{"id":98066,"date":"2026-04-17T10:38:53","date_gmt":"2026-04-17T10:38:53","guid":{"rendered":""},"modified":"2026-04-17T10:38:53","modified_gmt":"2026-04-17T10:38:53","slug":"garantierte-lieferung-hoppe-amsterdam-edelstahl-rosetten-turgriff-garnitur-e1400z-42kv-42kvs-ovalbart-mit-schlusselrosetten-fur-innenturen-37-42-mm-matt-secusan-98066","status":"publish","type":"product","link":"https:\/\/www.baunor.com\/produkt\/garantierte-lieferung-hoppe-amsterdam-edelstahl-rosetten-turgriff-garnitur-e1400z-42kv-42kvs-ovalbart-mit-schlusselrosetten-fur-innenturen-37-42-mm-matt-secusan-98066\/","title":{"rendered":"Garantierte Lieferung Hoppe Amsterdam Edelstahl-Rosetten-T\u00fcrgriff-Garnitur E1400Z\/42KV\/42KVS, Ovalbart, mit Schl\u00fcsselrosetten f\u00fcr Innent\u00fcren (37-42 mm) &#8211; matt SecuSan"},"content":{"rendered":"<h2 class=\"product-detail-description-title fs-4 mb-0\">        Hoppe Amsterdam Edelstahl-Rosetten-T\u00fcrgriff-Garnitur E1400Z\/42KV\/42KVS, Ovalbart, mit Schl\u00fcsselrosetten f\u00fcr Innent\u00fcren (37-42 mm) &#8211; matt SecuSan    <\/h2>\n<div class=\"product-detail-description-text\"         itemprop=\"description\">\n<div class=\"product--description\">\n<div class=\"product-information-name product-information-name-big\">Produktmerkmale<\/div>\n<div class=\"product-information-name\">Serie<\/div>\n<div class=\"product-information-value\">Amsterdam \/ duraPlus<\/div>\n<div class=\"product-information-name\">Modell<\/div>\n<div class=\"product-information-value\">E1400Z\/42KV\/42KVS<\/div>\n<div class=\"product-information-name\">Produkttyp<\/div>\n<div class=\"product-information-value\">T\u00fcrgriff-Garnitur (Griff\/Griff)<\/div>\n<div class=\"product-information-name\">Ausf\u00fchrung<\/div>\n<div class=\"product-information-value\">Rosetten-Garnitur<\/div>\n<div class=\"product-information-name product-information-name-big\">Abmessungen<\/div>\n<div class=\"product-information-name\">Stiftl\u00e4nge<\/div>\n<div class=\"product-information-value\">8 mm<\/div>\n<div class=\"product-information-name\">Vierkantma\u00df<\/div>\n<div class=\"product-information-value\">8 mm<\/div>\n<div class=\"product-information-name product-information-name-big\">Material und Farbe<\/div>\n<div class=\"product-information-name\">Material<\/div>\n<div class=\"product-information-value\">Edelstahl<span title=\"\" data-bs-html=\"true\" data-bs-placement=\"bottom\" data-bs-toggle=\"tooltip\" data-bs-original-title=\"Rostfreier Edelstahl ist nicht nur besonders hygienisch, sondern auch noch extrem langlebig, pflegeleicht und wirk obendrein noch antibakteriell. Das Edelstahl-Tr\u00e4germaterial kann auf verschiedene Arten in der Oberfl\u00e4che veredelt werden. Am h\u00e4ufigsten wird Edelstahl einfach nur geb\u00fcrstet und verleiht dem Material somit eine edle Optik.\" class=\"hover-parent info-icon\">Info<\/span><\/div>\n<div class=\"product-information-name\">Farbe<\/div>\n<div class=\"product-information-value\">F69-S Edelstahl matt (SecuSan\u00ae)<\/div>\n<div class=\"product-information-name\">Unterkonstruktion<\/div>\n<div class=\"product-information-value\">Kunststoff \/ Kunststoff, St\u00fctznocken<\/div>\n<div class=\"product-information-name product-information-name-big\">Montage und Einbau<\/div>\n<div class=\"product-information-name\">Befestigung<\/div>\n<div class=\"product-information-value\">durchgehende Verschraubung \/ verdeckt, durchgehend, wechselseitig, Mehrzweckschrauben<\/div>\n<div class=\"product-information-name\">T\u00fcrdicke<\/div>\n<div class=\"product-information-value\">37 &#8211; 42 mm<\/div>\n<div class=\"product-information-name product-information-name-big\">Normen und Standards<\/div>\n<div class=\"product-information-name\">Gebrauchs-Kategorie<\/div>\n<div class=\"product-information-value\">3<\/div>\n<div class=\"product-information-name product-information-name-big\">Eigenschaften<\/div>\n<div class=\"product-information-name\">Lochung<\/div>\n<div class=\"product-information-value\">Ovalbart<\/div>\n<div class=\"product-information-name product-information-name-big\">Merkmale<\/div>\n<div class=\"product-information-value product-information-value-big\">\n<ul>\n<li>Lagerung: T\u00fcrgriffe lose, R\u00fcckholfedern rechts\/links verwendbar, wartungsfreie Gleitlager<\/li>\n<li>Verbindung: HOPPE-Schnellstift mit HOPPE-Vollstift (Stift-\/Lochteil)<\/li>\n<\/ul>\n<\/div>\n<div class=\"product-information-name product-information-name-big\">Hinweise<\/div>\n<div class=\"product-information-value product-information-value-big\">nur f\u00fcr den Innenbereich geeignet<\/div>\n<\/p><\/div>\n<\/p><\/div>\n<\/p><\/div>\n<\/p><\/div>\n<\/p><\/div>\n","protected":false},"excerpt":{"rendered":"<p>Hoppe Amsterdam Edelstahl-Rosetten-T\u00fcrgriff-Garnitur E1400Z\/42KV\/42KVS, Ovalbart, mit Schl\u00fcsselrosetten f\u00fcr Innent\u00fcren (37-42 mm) &#8211; matt SecuSan Produktmerkmale Serie Amsterdam \/ duraPlus Modell E1400Z\/42KV\/42KVS Produkttyp T\u00fcrgriff-Garnitur (Griff\/Griff) Ausf\u00fchrung Rosetten-Garnitur Abmessungen Stiftl\u00e4nge 8 mm Vierkantma\u00df 8 mm Material und Farbe Material EdelstahlInfo Farbe F69-S Edelstahl matt (SecuSan\u00ae) Unterkonstruktion Kunststoff \/ Kunststoff, St\u00fctznocken Montage und Einbau Befestigung durchgehende Verschraubung \/ [&hellip;]<\/p>\n","protected":false},"featured_media":98166,"template":"","meta":[],"product_brand":[],"product_cat":[79],"product_tag":[],"class_list":{"0":"post-98066","1":"product","2":"type-product","3":"status-publish","4":"has-post-thumbnail","6":"product_cat-werkstatt","8":"first","9":"instock","10":"sale","11":"shipping-taxable","12":"purchasable","13":"product-type-simple"},"yoast_head":"<!-- This site is optimized with the Yoast SEO plugin v27.3 - https:\/\/yoast.com\/product\/yoast-seo-wordpress\/ -->\n<title>Garantierte Lieferung Hoppe Amsterdam Edelstahl-Rosetten-T\u00fcrgriff-Garnitur E1400Z\/42KV\/42KVS, Ovalbart, mit Schl\u00fcsselrosetten f\u00fcr Innent\u00fcren (37-42 mm) - matt SecuSan - Baubedarf &amp; Werkzeuge online kaufen<\/title>\n<meta name=\"robots\" content=\"index, follow, max-snippet:-1, max-image-preview:large, max-video-preview:-1\" \/>\n<link rel=\"canonical\" href=\"https:\/\/www.baunor.com\/index.php\/produkt\/garantierte-lieferung-hoppe-amsterdam-edelstahl-rosetten-turgriff-garnitur-e1400z-42kv-42kvs-ovalbart-mit-schlusselrosetten-fur-innenturen-37-42-mm-matt-secusan-98066\/\" \/>\n<meta property=\"og:locale\" content=\"de_DE\" \/>\n<meta property=\"og:type\" content=\"article\" \/>\n<meta property=\"og:title\" content=\"Garantierte Lieferung Hoppe Amsterdam Edelstahl-Rosetten-T\u00fcrgriff-Garnitur E1400Z\/42KV\/42KVS, Ovalbart, mit Schl\u00fcsselrosetten f\u00fcr Innent\u00fcren (37-42 mm) - matt SecuSan - Baubedarf &amp; Werkzeuge online kaufen\" \/>\n<meta property=\"og:description\" content=\"Hoppe Amsterdam Edelstahl-Rosetten-T\u00fcrgriff-Garnitur E1400Z\/42KV\/42KVS, Ovalbart, mit Schl\u00fcsselrosetten f\u00fcr Innent\u00fcren (37-42 mm) &#8211; matt SecuSan Produktmerkmale Serie Amsterdam \/ duraPlus Modell E1400Z\/42KV\/42KVS Produkttyp T\u00fcrgriff-Garnitur (Griff\/Griff) Ausf\u00fchrung Rosetten-Garnitur Abmessungen Stiftl\u00e4nge 8 mm Vierkantma\u00df 8 mm Material und Farbe Material EdelstahlInfo Farbe F69-S Edelstahl matt (SecuSan\u00ae) Unterkonstruktion Kunststoff \/ Kunststoff, St\u00fctznocken Montage und Einbau Befestigung durchgehende Verschraubung \/ [&hellip;]\" \/>\n<meta property=\"og:url\" content=\"https:\/\/www.baunor.com\/index.php\/produkt\/garantierte-lieferung-hoppe-amsterdam-edelstahl-rosetten-turgriff-garnitur-e1400z-42kv-42kvs-ovalbart-mit-schlusselrosetten-fur-innenturen-37-42-mm-matt-secusan-98066\/\" \/>\n<meta property=\"og:site_name\" content=\"Baubedarf &amp; Werkzeuge online kaufen\" \/>\n<meta property=\"og:image\" content=\"https:\/\/www.baunor.com\/wp-content\/uploads\/2026\/SK0030123-DE20260408-083406-0-1775608450-hoppe_2021_freisteller_amsterdam-edelstahl-rosetten-tuergri.webp\" \/>\n\t<meta property=\"og:image:width\" content=\"413\" \/>\n\t<meta property=\"og:image:height\" content=\"402\" \/>\n\t<meta property=\"og:image:type\" content=\"image\/webp\" \/>\n<meta name=\"twitter:card\" content=\"summary_large_image\" \/>\n<script type=\"application\/ld+json\" class=\"yoast-schema-graph\">{\"@context\":\"https:\\\/\\\/schema.org\",\"@graph\":[{\"@type\":\"WebPage\",\"@id\":\"https:\\\/\\\/www.baunor.com\\\/index.php\\\/produkt\\\/garantierte-lieferung-hoppe-amsterdam-edelstahl-rosetten-turgriff-garnitur-e1400z-42kv-42kvs-ovalbart-mit-schlusselrosetten-fur-innenturen-37-42-mm-matt-secusan-98066\\\/\",\"url\":\"https:\\\/\\\/www.baunor.com\\\/index.php\\\/produkt\\\/garantierte-lieferung-hoppe-amsterdam-edelstahl-rosetten-turgriff-garnitur-e1400z-42kv-42kvs-ovalbart-mit-schlusselrosetten-fur-innenturen-37-42-mm-matt-secusan-98066\\\/\",\"name\":\"Garantierte Lieferung Hoppe Amsterdam Edelstahl-Rosetten-T\u00fcrgriff-Garnitur E1400Z\\\/42KV\\\/42KVS, Ovalbart, mit Schl\u00fcsselrosetten f\u00fcr Innent\u00fcren (37-42 mm) - matt SecuSan - Baubedarf &amp; Werkzeuge online kaufen\",\"isPartOf\":{\"@id\":\"https:\\\/\\\/www.baunor.com\\\/#website\"},\"primaryImageOfPage\":{\"@id\":\"https:\\\/\\\/www.baunor.com\\\/index.php\\\/produkt\\\/garantierte-lieferung-hoppe-amsterdam-edelstahl-rosetten-turgriff-garnitur-e1400z-42kv-42kvs-ovalbart-mit-schlusselrosetten-fur-innenturen-37-42-mm-matt-secusan-98066\\\/#primaryimage\"},\"image\":{\"@id\":\"https:\\\/\\\/www.baunor.com\\\/index.php\\\/produkt\\\/garantierte-lieferung-hoppe-amsterdam-edelstahl-rosetten-turgriff-garnitur-e1400z-42kv-42kvs-ovalbart-mit-schlusselrosetten-fur-innenturen-37-42-mm-matt-secusan-98066\\\/#primaryimage\"},\"thumbnailUrl\":\"https:\\\/\\\/www.baunor.com\\\/wp-content\\\/uploads\\\/2026\\\/SK0030123-DE20260408-083406-0-1775608450-hoppe_2021_freisteller_amsterdam-edelstahl-rosetten-tuergri.webp\",\"datePublished\":\"2026-04-17T10:38:53+00:00\",\"breadcrumb\":{\"@id\":\"https:\\\/\\\/www.baunor.com\\\/index.php\\\/produkt\\\/garantierte-lieferung-hoppe-amsterdam-edelstahl-rosetten-turgriff-garnitur-e1400z-42kv-42kvs-ovalbart-mit-schlusselrosetten-fur-innenturen-37-42-mm-matt-secusan-98066\\\/#breadcrumb\"},\"inLanguage\":\"de\",\"potentialAction\":[{\"@type\":\"ReadAction\",\"target\":[\"https:\\\/\\\/www.baunor.com\\\/index.php\\\/produkt\\\/garantierte-lieferung-hoppe-amsterdam-edelstahl-rosetten-turgriff-garnitur-e1400z-42kv-42kvs-ovalbart-mit-schlusselrosetten-fur-innenturen-37-42-mm-matt-secusan-98066\\\/\"]}]},{\"@type\":\"ImageObject\",\"inLanguage\":\"de\",\"@id\":\"https:\\\/\\\/www.baunor.com\\\/index.php\\\/produkt\\\/garantierte-lieferung-hoppe-amsterdam-edelstahl-rosetten-turgriff-garnitur-e1400z-42kv-42kvs-ovalbart-mit-schlusselrosetten-fur-innenturen-37-42-mm-matt-secusan-98066\\\/#primaryimage\",\"url\":\"https:\\\/\\\/www.baunor.com\\\/wp-content\\\/uploads\\\/2026\\\/SK0030123-DE20260408-083406-0-1775608450-hoppe_2021_freisteller_amsterdam-edelstahl-rosetten-tuergri.webp\",\"contentUrl\":\"https:\\\/\\\/www.baunor.com\\\/wp-content\\\/uploads\\\/2026\\\/SK0030123-DE20260408-083406-0-1775608450-hoppe_2021_freisteller_amsterdam-edelstahl-rosetten-tuergri.webp\",\"width\":413,\"height\":402},{\"@type\":\"BreadcrumbList\",\"@id\":\"https:\\\/\\\/www.baunor.com\\\/index.php\\\/produkt\\\/garantierte-lieferung-hoppe-amsterdam-edelstahl-rosetten-turgriff-garnitur-e1400z-42kv-42kvs-ovalbart-mit-schlusselrosetten-fur-innenturen-37-42-mm-matt-secusan-98066\\\/#breadcrumb\",\"itemListElement\":[{\"@type\":\"ListItem\",\"position\":1,\"name\":\"Home\",\"item\":\"https:\\\/\\\/www.baunor.com\\\/\"},{\"@type\":\"ListItem\",\"position\":2,\"name\":\"Take Your Adventure To The Next Level\",\"item\":\"https:\\\/\\\/www.baunor.com\\\/index.php\\\/shop-2\\\/\"},{\"@type\":\"ListItem\",\"position\":3,\"name\":\"Garantierte Lieferung Hoppe Amsterdam Edelstahl-Rosetten-T\u00fcrgriff-Garnitur E1400Z\\\/42KV\\\/42KVS, Ovalbart, mit Schl\u00fcsselrosetten f\u00fcr Innent\u00fcren (37-42 mm) &#8211; matt SecuSan\"}]},{\"@type\":\"WebSite\",\"@id\":\"https:\\\/\\\/www.baunor.com\\\/#website\",\"url\":\"https:\\\/\\\/www.baunor.com\\\/\",\"name\":\"Baubedarf &amp; Werkzeuge online kaufen\",\"description\":\"Baubedarf &amp; Werkzeuge online kaufen\",\"publisher\":{\"@id\":\"https:\\\/\\\/www.baunor.com\\\/#organization\"},\"potentialAction\":[{\"@type\":\"SearchAction\",\"target\":{\"@type\":\"EntryPoint\",\"urlTemplate\":\"https:\\\/\\\/www.baunor.com\\\/?s={search_term_string}\"},\"query-input\":{\"@type\":\"PropertyValueSpecification\",\"valueRequired\":true,\"valueName\":\"search_term_string\"}}],\"inLanguage\":\"de\"},{\"@type\":\"Organization\",\"@id\":\"https:\\\/\\\/www.baunor.com\\\/#organization\",\"name\":\"Baubedarf &amp; Werkzeuge online kaufen\",\"url\":\"https:\\\/\\\/www.baunor.com\\\/\",\"logo\":{\"@type\":\"ImageObject\",\"inLanguage\":\"de\",\"@id\":\"https:\\\/\\\/www.baunor.com\\\/#\\\/schema\\\/logo\\\/image\\\/\",\"url\":\"https:\\\/\\\/www.baunor.com\\\/wp-content\\\/uploads\\\/2026\\\/04\\\/baunor_logo_460x100_v2.svg\",\"contentUrl\":\"https:\\\/\\\/www.baunor.com\\\/wp-content\\\/uploads\\\/2026\\\/04\\\/baunor_logo_460x100_v2.svg\",\"width\":460,\"height\":100,\"caption\":\"Baubedarf &amp; Werkzeuge online kaufen\"},\"image\":{\"@id\":\"https:\\\/\\\/www.baunor.com\\\/#\\\/schema\\\/logo\\\/image\\\/\"}}]}<\/script>\n<!-- \/ Yoast SEO plugin. -->","yoast_head_json":{"title":"Garantierte Lieferung Hoppe Amsterdam Edelstahl-Rosetten-T\u00fcrgriff-Garnitur E1400Z\/42KV\/42KVS, Ovalbart, mit Schl\u00fcsselrosetten f\u00fcr Innent\u00fcren (37-42 mm) - matt SecuSan - Baubedarf &amp; Werkzeuge online kaufen","robots":{"index":"index","follow":"follow","max-snippet":"max-snippet:-1","max-image-preview":"max-image-preview:large","max-video-preview":"max-video-preview:-1"},"canonical":"https:\/\/www.baunor.com\/index.php\/produkt\/garantierte-lieferung-hoppe-amsterdam-edelstahl-rosetten-turgriff-garnitur-e1400z-42kv-42kvs-ovalbart-mit-schlusselrosetten-fur-innenturen-37-42-mm-matt-secusan-98066\/","og_locale":"de_DE","og_type":"article","og_title":"Garantierte Lieferung Hoppe Amsterdam Edelstahl-Rosetten-T\u00fcrgriff-Garnitur E1400Z\/42KV\/42KVS, Ovalbart, mit Schl\u00fcsselrosetten f\u00fcr Innent\u00fcren (37-42 mm) - matt SecuSan - Baubedarf &amp; Werkzeuge online kaufen","og_description":"Hoppe Amsterdam Edelstahl-Rosetten-T\u00fcrgriff-Garnitur E1400Z\/42KV\/42KVS, Ovalbart, mit Schl\u00fcsselrosetten f\u00fcr Innent\u00fcren (37-42 mm) &#8211; matt SecuSan Produktmerkmale Serie Amsterdam \/ duraPlus Modell E1400Z\/42KV\/42KVS Produkttyp T\u00fcrgriff-Garnitur (Griff\/Griff) Ausf\u00fchrung Rosetten-Garnitur Abmessungen Stiftl\u00e4nge 8 mm Vierkantma\u00df 8 mm Material und Farbe Material EdelstahlInfo Farbe F69-S Edelstahl matt (SecuSan\u00ae) Unterkonstruktion Kunststoff \/ Kunststoff, St\u00fctznocken Montage und Einbau Befestigung durchgehende Verschraubung \/ [&hellip;]","og_url":"https:\/\/www.baunor.com\/index.php\/produkt\/garantierte-lieferung-hoppe-amsterdam-edelstahl-rosetten-turgriff-garnitur-e1400z-42kv-42kvs-ovalbart-mit-schlusselrosetten-fur-innenturen-37-42-mm-matt-secusan-98066\/","og_site_name":"Baubedarf &amp; Werkzeuge online kaufen","og_image":[{"width":413,"height":402,"url":"https:\/\/www.baunor.com\/wp-content\/uploads\/2026\/SK0030123-DE20260408-083406-0-1775608450-hoppe_2021_freisteller_amsterdam-edelstahl-rosetten-tuergri.webp","type":"image\/webp"}],"twitter_card":"summary_large_image","schema":{"@context":"https:\/\/schema.org","@graph":[{"@type":"WebPage","@id":"https:\/\/www.baunor.com\/index.php\/produkt\/garantierte-lieferung-hoppe-amsterdam-edelstahl-rosetten-turgriff-garnitur-e1400z-42kv-42kvs-ovalbart-mit-schlusselrosetten-fur-innenturen-37-42-mm-matt-secusan-98066\/","url":"https:\/\/www.baunor.com\/index.php\/produkt\/garantierte-lieferung-hoppe-amsterdam-edelstahl-rosetten-turgriff-garnitur-e1400z-42kv-42kvs-ovalbart-mit-schlusselrosetten-fur-innenturen-37-42-mm-matt-secusan-98066\/","name":"Garantierte Lieferung Hoppe Amsterdam Edelstahl-Rosetten-T\u00fcrgriff-Garnitur E1400Z\/42KV\/42KVS, Ovalbart, mit Schl\u00fcsselrosetten f\u00fcr Innent\u00fcren (37-42 mm) - matt SecuSan - Baubedarf &amp; Werkzeuge online kaufen","isPartOf":{"@id":"https:\/\/www.baunor.com\/#website"},"primaryImageOfPage":{"@id":"https:\/\/www.baunor.com\/index.php\/produkt\/garantierte-lieferung-hoppe-amsterdam-edelstahl-rosetten-turgriff-garnitur-e1400z-42kv-42kvs-ovalbart-mit-schlusselrosetten-fur-innenturen-37-42-mm-matt-secusan-98066\/#primaryimage"},"image":{"@id":"https:\/\/www.baunor.com\/index.php\/produkt\/garantierte-lieferung-hoppe-amsterdam-edelstahl-rosetten-turgriff-garnitur-e1400z-42kv-42kvs-ovalbart-mit-schlusselrosetten-fur-innenturen-37-42-mm-matt-secusan-98066\/#primaryimage"},"thumbnailUrl":"https:\/\/www.baunor.com\/wp-content\/uploads\/2026\/SK0030123-DE20260408-083406-0-1775608450-hoppe_2021_freisteller_amsterdam-edelstahl-rosetten-tuergri.webp","datePublished":"2026-04-17T10:38:53+00:00","breadcrumb":{"@id":"https:\/\/www.baunor.com\/index.php\/produkt\/garantierte-lieferung-hoppe-amsterdam-edelstahl-rosetten-turgriff-garnitur-e1400z-42kv-42kvs-ovalbart-mit-schlusselrosetten-fur-innenturen-37-42-mm-matt-secusan-98066\/#breadcrumb"},"inLanguage":"de","potentialAction":[{"@type":"ReadAction","target":["https:\/\/www.baunor.com\/index.php\/produkt\/garantierte-lieferung-hoppe-amsterdam-edelstahl-rosetten-turgriff-garnitur-e1400z-42kv-42kvs-ovalbart-mit-schlusselrosetten-fur-innenturen-37-42-mm-matt-secusan-98066\/"]}]},{"@type":"ImageObject","inLanguage":"de","@id":"https:\/\/www.baunor.com\/index.php\/produkt\/garantierte-lieferung-hoppe-amsterdam-edelstahl-rosetten-turgriff-garnitur-e1400z-42kv-42kvs-ovalbart-mit-schlusselrosetten-fur-innenturen-37-42-mm-matt-secusan-98066\/#primaryimage","url":"https:\/\/www.baunor.com\/wp-content\/uploads\/2026\/SK0030123-DE20260408-083406-0-1775608450-hoppe_2021_freisteller_amsterdam-edelstahl-rosetten-tuergri.webp","contentUrl":"https:\/\/www.baunor.com\/wp-content\/uploads\/2026\/SK0030123-DE20260408-083406-0-1775608450-hoppe_2021_freisteller_amsterdam-edelstahl-rosetten-tuergri.webp","width":413,"height":402},{"@type":"BreadcrumbList","@id":"https:\/\/www.baunor.com\/index.php\/produkt\/garantierte-lieferung-hoppe-amsterdam-edelstahl-rosetten-turgriff-garnitur-e1400z-42kv-42kvs-ovalbart-mit-schlusselrosetten-fur-innenturen-37-42-mm-matt-secusan-98066\/#breadcrumb","itemListElement":[{"@type":"ListItem","position":1,"name":"Home","item":"https:\/\/www.baunor.com\/"},{"@type":"ListItem","position":2,"name":"Take Your Adventure To The Next Level","item":"https:\/\/www.baunor.com\/index.php\/shop-2\/"},{"@type":"ListItem","position":3,"name":"Garantierte Lieferung Hoppe Amsterdam Edelstahl-Rosetten-T\u00fcrgriff-Garnitur E1400Z\/42KV\/42KVS, Ovalbart, mit Schl\u00fcsselrosetten f\u00fcr Innent\u00fcren (37-42 mm) &#8211; matt SecuSan"}]},{"@type":"WebSite","@id":"https:\/\/www.baunor.com\/#website","url":"https:\/\/www.baunor.com\/","name":"Baubedarf &amp; Werkzeuge online kaufen","description":"Baubedarf &amp; Werkzeuge online kaufen","publisher":{"@id":"https:\/\/www.baunor.com\/#organization"},"potentialAction":[{"@type":"SearchAction","target":{"@type":"EntryPoint","urlTemplate":"https:\/\/www.baunor.com\/?s={search_term_string}"},"query-input":{"@type":"PropertyValueSpecification","valueRequired":true,"valueName":"search_term_string"}}],"inLanguage":"de"},{"@type":"Organization","@id":"https:\/\/www.baunor.com\/#organization","name":"Baubedarf &amp; Werkzeuge online kaufen","url":"https:\/\/www.baunor.com\/","logo":{"@type":"ImageObject","inLanguage":"de","@id":"https:\/\/www.baunor.com\/#\/schema\/logo\/image\/","url":"https:\/\/www.baunor.com\/wp-content\/uploads\/2026\/04\/baunor_logo_460x100_v2.svg","contentUrl":"https:\/\/www.baunor.com\/wp-content\/uploads\/2026\/04\/baunor_logo_460x100_v2.svg","width":460,"height":100,"caption":"Baubedarf &amp; Werkzeuge online kaufen"},"image":{"@id":"https:\/\/www.baunor.com\/#\/schema\/logo\/image\/"}}]}},"_links":{"self":[{"href":"https:\/\/www.baunor.com\/wp-json\/wp\/v2\/product\/98066","targetHints":{"allow":["GET"]}}],"collection":[{"href":"https:\/\/www.baunor.com\/wp-json\/wp\/v2\/product"}],"about":[{"href":"https:\/\/www.baunor.com\/wp-json\/wp\/v2\/types\/product"}],"wp:featuredmedia":[{"embeddable":true,"href":"https:\/\/www.baunor.com\/wp-json\/wp\/v2\/media\/98166"}],"wp:attachment":[{"href":"https:\/\/www.baunor.com\/wp-json\/wp\/v2\/media?parent=98066"}],"wp:term":[{"taxonomy":"product_brand","embeddable":true,"href":"https:\/\/www.baunor.com\/wp-json\/wp\/v2\/product_brand?post=98066"},{"taxonomy":"product_cat","embeddable":true,"href":"https:\/\/www.baunor.com\/wp-json\/wp\/v2\/product_cat?post=98066"},{"taxonomy":"product_tag","embeddable":true,"href":"https:\/\/www.baunor.com\/wp-json\/wp\/v2\/product_tag?post=98066"}],"curies":[{"name":"wp","href":"https:\/\/api.w.org\/{rel}","templated":true}]}}