{"id":88193,"date":"2026-04-17T10:38:39","date_gmt":"2026-04-17T10:38:39","guid":{"rendered":""},"modified":"2026-04-17T10:38:39","modified_gmt":"2026-04-17T10:38:39","slug":"bott-lochplattenwagen-unbestuckt-ral-7035-schnappchen-88193","status":"publish","type":"product","link":"https:\/\/www.baunor.com\/produkt\/bott-lochplattenwagen-unbestuckt-ral-7035-schnappchen-88193\/","title":{"rendered":"Bott Lochplattenwagen unbest\u00fcckt RAL 7035 Schn\u00e4ppchen"},"content":{"rendered":"<h2 class=\"product-detail-description-title fs-4 mb-0\">        Bott Lochplattenwagen unbest\u00fcckt RAL 7035    <\/h2>\n<div class=\"product-detail-description-text\"         itemprop=\"description\">\n<div class=\"product--description\">\n<div class=\"product-information-name product-information-name-big\">Produktmerkmale<\/div>\n<div class=\"product-information-name\">Gestellfarbe<\/div>\n<div class=\"product-information-value\">RAL 7035 lichtgrau<\/div>\n<div class=\"product-information-name product-information-name-big\">Abmessungen<\/div>\n<div class=\"product-information-name\">Breite<\/div>\n<div class=\"product-information-value\">1000 mm<\/div>\n<div class=\"product-information-name\">H\u00f6he<\/div>\n<div class=\"product-information-value\">1600 mm<\/div>\n<div class=\"product-information-name\">Tiefe<\/div>\n<div class=\"product-information-value\">650 mm<\/div>\n<div class=\"product-information-name product-information-name-big\">Merkmale<\/div>\n<div class=\"product-information-value product-information-value-big\">\n<ul>\n<li>Lochplatten-Mobil<\/li>\n<li>Unbest\u00fcckt<\/li>\n<li>F\u00fcr maximal 6 Lochplatten<\/li>\n<\/ul>\n<\/div><\/div>\n<\/p><\/div>\n<\/p><\/div>\n<\/p><\/div>\n<\/p><\/div>\n","protected":false},"excerpt":{"rendered":"<p>Bott Lochplattenwagen unbest\u00fcckt RAL 7035 Produktmerkmale Gestellfarbe RAL 7035 lichtgrau Abmessungen Breite 1000 mm H\u00f6he 1600 mm Tiefe 650 mm Merkmale Lochplatten-Mobil Unbest\u00fcckt F\u00fcr maximal 6 Lochplatten<\/p>\n","protected":false},"featured_media":88293,"template":"","meta":[],"product_brand":[],"product_cat":[79],"product_tag":[],"class_list":{"0":"post-88193","1":"product","2":"type-product","3":"status-publish","4":"has-post-thumbnail","6":"product_cat-werkstatt","8":"first","9":"instock","10":"sale","11":"shipping-taxable","12":"purchasable","13":"product-type-simple"},"yoast_head":"<!-- This site is optimized with the Yoast SEO plugin v27.3 - https:\/\/yoast.com\/product\/yoast-seo-wordpress\/ -->\n<title>Bott Lochplattenwagen unbest\u00fcckt RAL 7035 Schn\u00e4ppchen - Baubedarf &amp; Werkzeuge online kaufen<\/title>\n<meta name=\"robots\" content=\"index, follow, max-snippet:-1, max-image-preview:large, max-video-preview:-1\" \/>\n<link rel=\"canonical\" href=\"https:\/\/www.baunor.com\/index.php\/produkt\/bott-lochplattenwagen-unbestuckt-ral-7035-schnappchen-88193\/\" \/>\n<meta property=\"og:locale\" content=\"de_DE\" \/>\n<meta property=\"og:type\" content=\"article\" \/>\n<meta property=\"og:title\" content=\"Bott Lochplattenwagen unbest\u00fcckt RAL 7035 Schn\u00e4ppchen - Baubedarf &amp; Werkzeuge online kaufen\" \/>\n<meta property=\"og:description\" content=\"Bott Lochplattenwagen unbest\u00fcckt RAL 7035 Produktmerkmale Gestellfarbe RAL 7035 lichtgrau Abmessungen Breite 1000 mm H\u00f6he 1600 mm Tiefe 650 mm Merkmale Lochplatten-Mobil Unbest\u00fcckt F\u00fcr maximal 6 Lochplatten\" \/>\n<meta property=\"og:url\" content=\"https:\/\/www.baunor.com\/index.php\/produkt\/bott-lochplattenwagen-unbestuckt-ral-7035-schnappchen-88193\/\" \/>\n<meta property=\"og:site_name\" content=\"Baubedarf &amp; Werkzeuge online kaufen\" \/>\n<meta property=\"og:image\" content=\"https:\/\/www.baunor.com\/wp-content\/uploads\/2026\/SK0025428-DE20260408-083406-0-1775608450-bott_2017_foto_lochplattenwagen-unbestueckt-ral-7035_140260.webp\" \/>\n\t<meta property=\"og:image:width\" content=\"578\" \/>\n\t<meta property=\"og:image:height\" content=\"800\" \/>\n\t<meta property=\"og:image:type\" content=\"image\/webp\" \/>\n<meta name=\"twitter:card\" content=\"summary_large_image\" \/>\n<script type=\"application\/ld+json\" class=\"yoast-schema-graph\">{\"@context\":\"https:\\\/\\\/schema.org\",\"@graph\":[{\"@type\":\"WebPage\",\"@id\":\"https:\\\/\\\/www.baunor.com\\\/index.php\\\/produkt\\\/bott-lochplattenwagen-unbestuckt-ral-7035-schnappchen-88193\\\/\",\"url\":\"https:\\\/\\\/www.baunor.com\\\/index.php\\\/produkt\\\/bott-lochplattenwagen-unbestuckt-ral-7035-schnappchen-88193\\\/\",\"name\":\"Bott Lochplattenwagen unbest\u00fcckt RAL 7035 Schn\u00e4ppchen - Baubedarf &amp; Werkzeuge online kaufen\",\"isPartOf\":{\"@id\":\"https:\\\/\\\/www.baunor.com\\\/#website\"},\"primaryImageOfPage\":{\"@id\":\"https:\\\/\\\/www.baunor.com\\\/index.php\\\/produkt\\\/bott-lochplattenwagen-unbestuckt-ral-7035-schnappchen-88193\\\/#primaryimage\"},\"image\":{\"@id\":\"https:\\\/\\\/www.baunor.com\\\/index.php\\\/produkt\\\/bott-lochplattenwagen-unbestuckt-ral-7035-schnappchen-88193\\\/#primaryimage\"},\"thumbnailUrl\":\"https:\\\/\\\/www.baunor.com\\\/wp-content\\\/uploads\\\/2026\\\/SK0025428-DE20260408-083406-0-1775608450-bott_2017_foto_lochplattenwagen-unbestueckt-ral-7035_140260.webp\",\"datePublished\":\"2026-04-17T10:38:39+00:00\",\"breadcrumb\":{\"@id\":\"https:\\\/\\\/www.baunor.com\\\/index.php\\\/produkt\\\/bott-lochplattenwagen-unbestuckt-ral-7035-schnappchen-88193\\\/#breadcrumb\"},\"inLanguage\":\"de\",\"potentialAction\":[{\"@type\":\"ReadAction\",\"target\":[\"https:\\\/\\\/www.baunor.com\\\/index.php\\\/produkt\\\/bott-lochplattenwagen-unbestuckt-ral-7035-schnappchen-88193\\\/\"]}]},{\"@type\":\"ImageObject\",\"inLanguage\":\"de\",\"@id\":\"https:\\\/\\\/www.baunor.com\\\/index.php\\\/produkt\\\/bott-lochplattenwagen-unbestuckt-ral-7035-schnappchen-88193\\\/#primaryimage\",\"url\":\"https:\\\/\\\/www.baunor.com\\\/wp-content\\\/uploads\\\/2026\\\/SK0025428-DE20260408-083406-0-1775608450-bott_2017_foto_lochplattenwagen-unbestueckt-ral-7035_140260.webp\",\"contentUrl\":\"https:\\\/\\\/www.baunor.com\\\/wp-content\\\/uploads\\\/2026\\\/SK0025428-DE20260408-083406-0-1775608450-bott_2017_foto_lochplattenwagen-unbestueckt-ral-7035_140260.webp\",\"width\":578,\"height\":800},{\"@type\":\"BreadcrumbList\",\"@id\":\"https:\\\/\\\/www.baunor.com\\\/index.php\\\/produkt\\\/bott-lochplattenwagen-unbestuckt-ral-7035-schnappchen-88193\\\/#breadcrumb\",\"itemListElement\":[{\"@type\":\"ListItem\",\"position\":1,\"name\":\"Home\",\"item\":\"https:\\\/\\\/www.baunor.com\\\/\"},{\"@type\":\"ListItem\",\"position\":2,\"name\":\"Take Your Adventure To The Next Level\",\"item\":\"https:\\\/\\\/www.baunor.com\\\/index.php\\\/shop-2\\\/\"},{\"@type\":\"ListItem\",\"position\":3,\"name\":\"Bott Lochplattenwagen unbest\u00fcckt RAL 7035 Schn\u00e4ppchen\"}]},{\"@type\":\"WebSite\",\"@id\":\"https:\\\/\\\/www.baunor.com\\\/#website\",\"url\":\"https:\\\/\\\/www.baunor.com\\\/\",\"name\":\"Baubedarf &amp; Werkzeuge online kaufen\",\"description\":\"Baubedarf &amp; Werkzeuge online kaufen\",\"publisher\":{\"@id\":\"https:\\\/\\\/www.baunor.com\\\/#organization\"},\"potentialAction\":[{\"@type\":\"SearchAction\",\"target\":{\"@type\":\"EntryPoint\",\"urlTemplate\":\"https:\\\/\\\/www.baunor.com\\\/?s={search_term_string}\"},\"query-input\":{\"@type\":\"PropertyValueSpecification\",\"valueRequired\":true,\"valueName\":\"search_term_string\"}}],\"inLanguage\":\"de\"},{\"@type\":\"Organization\",\"@id\":\"https:\\\/\\\/www.baunor.com\\\/#organization\",\"name\":\"Baubedarf &amp; Werkzeuge online kaufen\",\"url\":\"https:\\\/\\\/www.baunor.com\\\/\",\"logo\":{\"@type\":\"ImageObject\",\"inLanguage\":\"de\",\"@id\":\"https:\\\/\\\/www.baunor.com\\\/#\\\/schema\\\/logo\\\/image\\\/\",\"url\":\"https:\\\/\\\/www.baunor.com\\\/wp-content\\\/uploads\\\/2026\\\/04\\\/baunor_logo_460x100_v2.svg\",\"contentUrl\":\"https:\\\/\\\/www.baunor.com\\\/wp-content\\\/uploads\\\/2026\\\/04\\\/baunor_logo_460x100_v2.svg\",\"width\":460,\"height\":100,\"caption\":\"Baubedarf &amp; Werkzeuge online kaufen\"},\"image\":{\"@id\":\"https:\\\/\\\/www.baunor.com\\\/#\\\/schema\\\/logo\\\/image\\\/\"}}]}<\/script>\n<!-- \/ Yoast SEO plugin. -->","yoast_head_json":{"title":"Bott Lochplattenwagen unbest\u00fcckt RAL 7035 Schn\u00e4ppchen - Baubedarf &amp; Werkzeuge online kaufen","robots":{"index":"index","follow":"follow","max-snippet":"max-snippet:-1","max-image-preview":"max-image-preview:large","max-video-preview":"max-video-preview:-1"},"canonical":"https:\/\/www.baunor.com\/index.php\/produkt\/bott-lochplattenwagen-unbestuckt-ral-7035-schnappchen-88193\/","og_locale":"de_DE","og_type":"article","og_title":"Bott Lochplattenwagen unbest\u00fcckt RAL 7035 Schn\u00e4ppchen - Baubedarf &amp; Werkzeuge online kaufen","og_description":"Bott Lochplattenwagen unbest\u00fcckt RAL 7035 Produktmerkmale Gestellfarbe RAL 7035 lichtgrau Abmessungen Breite 1000 mm H\u00f6he 1600 mm Tiefe 650 mm Merkmale Lochplatten-Mobil Unbest\u00fcckt F\u00fcr maximal 6 Lochplatten","og_url":"https:\/\/www.baunor.com\/index.php\/produkt\/bott-lochplattenwagen-unbestuckt-ral-7035-schnappchen-88193\/","og_site_name":"Baubedarf &amp; Werkzeuge online kaufen","og_image":[{"width":578,"height":800,"url":"https:\/\/www.baunor.com\/wp-content\/uploads\/2026\/SK0025428-DE20260408-083406-0-1775608450-bott_2017_foto_lochplattenwagen-unbestueckt-ral-7035_140260.webp","type":"image\/webp"}],"twitter_card":"summary_large_image","schema":{"@context":"https:\/\/schema.org","@graph":[{"@type":"WebPage","@id":"https:\/\/www.baunor.com\/index.php\/produkt\/bott-lochplattenwagen-unbestuckt-ral-7035-schnappchen-88193\/","url":"https:\/\/www.baunor.com\/index.php\/produkt\/bott-lochplattenwagen-unbestuckt-ral-7035-schnappchen-88193\/","name":"Bott Lochplattenwagen unbest\u00fcckt RAL 7035 Schn\u00e4ppchen - Baubedarf &amp; Werkzeuge online kaufen","isPartOf":{"@id":"https:\/\/www.baunor.com\/#website"},"primaryImageOfPage":{"@id":"https:\/\/www.baunor.com\/index.php\/produkt\/bott-lochplattenwagen-unbestuckt-ral-7035-schnappchen-88193\/#primaryimage"},"image":{"@id":"https:\/\/www.baunor.com\/index.php\/produkt\/bott-lochplattenwagen-unbestuckt-ral-7035-schnappchen-88193\/#primaryimage"},"thumbnailUrl":"https:\/\/www.baunor.com\/wp-content\/uploads\/2026\/SK0025428-DE20260408-083406-0-1775608450-bott_2017_foto_lochplattenwagen-unbestueckt-ral-7035_140260.webp","datePublished":"2026-04-17T10:38:39+00:00","breadcrumb":{"@id":"https:\/\/www.baunor.com\/index.php\/produkt\/bott-lochplattenwagen-unbestuckt-ral-7035-schnappchen-88193\/#breadcrumb"},"inLanguage":"de","potentialAction":[{"@type":"ReadAction","target":["https:\/\/www.baunor.com\/index.php\/produkt\/bott-lochplattenwagen-unbestuckt-ral-7035-schnappchen-88193\/"]}]},{"@type":"ImageObject","inLanguage":"de","@id":"https:\/\/www.baunor.com\/index.php\/produkt\/bott-lochplattenwagen-unbestuckt-ral-7035-schnappchen-88193\/#primaryimage","url":"https:\/\/www.baunor.com\/wp-content\/uploads\/2026\/SK0025428-DE20260408-083406-0-1775608450-bott_2017_foto_lochplattenwagen-unbestueckt-ral-7035_140260.webp","contentUrl":"https:\/\/www.baunor.com\/wp-content\/uploads\/2026\/SK0025428-DE20260408-083406-0-1775608450-bott_2017_foto_lochplattenwagen-unbestueckt-ral-7035_140260.webp","width":578,"height":800},{"@type":"BreadcrumbList","@id":"https:\/\/www.baunor.com\/index.php\/produkt\/bott-lochplattenwagen-unbestuckt-ral-7035-schnappchen-88193\/#breadcrumb","itemListElement":[{"@type":"ListItem","position":1,"name":"Home","item":"https:\/\/www.baunor.com\/"},{"@type":"ListItem","position":2,"name":"Take Your Adventure To The Next Level","item":"https:\/\/www.baunor.com\/index.php\/shop-2\/"},{"@type":"ListItem","position":3,"name":"Bott Lochplattenwagen unbest\u00fcckt RAL 7035 Schn\u00e4ppchen"}]},{"@type":"WebSite","@id":"https:\/\/www.baunor.com\/#website","url":"https:\/\/www.baunor.com\/","name":"Baubedarf &amp; Werkzeuge online kaufen","description":"Baubedarf &amp; Werkzeuge online kaufen","publisher":{"@id":"https:\/\/www.baunor.com\/#organization"},"potentialAction":[{"@type":"SearchAction","target":{"@type":"EntryPoint","urlTemplate":"https:\/\/www.baunor.com\/?s={search_term_string}"},"query-input":{"@type":"PropertyValueSpecification","valueRequired":true,"valueName":"search_term_string"}}],"inLanguage":"de"},{"@type":"Organization","@id":"https:\/\/www.baunor.com\/#organization","name":"Baubedarf &amp; Werkzeuge online kaufen","url":"https:\/\/www.baunor.com\/","logo":{"@type":"ImageObject","inLanguage":"de","@id":"https:\/\/www.baunor.com\/#\/schema\/logo\/image\/","url":"https:\/\/www.baunor.com\/wp-content\/uploads\/2026\/04\/baunor_logo_460x100_v2.svg","contentUrl":"https:\/\/www.baunor.com\/wp-content\/uploads\/2026\/04\/baunor_logo_460x100_v2.svg","width":460,"height":100,"caption":"Baubedarf &amp; Werkzeuge online kaufen"},"image":{"@id":"https:\/\/www.baunor.com\/#\/schema\/logo\/image\/"}}]}},"_links":{"self":[{"href":"https:\/\/www.baunor.com\/wp-json\/wp\/v2\/product\/88193","targetHints":{"allow":["GET"]}}],"collection":[{"href":"https:\/\/www.baunor.com\/wp-json\/wp\/v2\/product"}],"about":[{"href":"https:\/\/www.baunor.com\/wp-json\/wp\/v2\/types\/product"}],"wp:featuredmedia":[{"embeddable":true,"href":"https:\/\/www.baunor.com\/wp-json\/wp\/v2\/media\/88293"}],"wp:attachment":[{"href":"https:\/\/www.baunor.com\/wp-json\/wp\/v2\/media?parent=88193"}],"wp:term":[{"taxonomy":"product_brand","embeddable":true,"href":"https:\/\/www.baunor.com\/wp-json\/wp\/v2\/product_brand?post=88193"},{"taxonomy":"product_cat","embeddable":true,"href":"https:\/\/www.baunor.com\/wp-json\/wp\/v2\/product_cat?post=88193"},{"taxonomy":"product_tag","embeddable":true,"href":"https:\/\/www.baunor.com\/wp-json\/wp\/v2\/product_tag?post=88193"}],"curies":[{"name":"wp","href":"https:\/\/api.w.org\/{rel}","templated":true}]}}