{"id":88189,"date":"2026-04-17T10:38:39","date_gmt":"2026-04-17T10:38:39","guid":{"rendered":""},"modified":"2026-04-17T10:38:39","modified_gmt":"2026-04-17T10:38:39","slug":"forum-schleifleinen-sparrolle-115-mm-k-40-jetzt-bestellen-88189","status":"publish","type":"product","link":"https:\/\/www.baunor.com\/produkt\/forum-schleifleinen-sparrolle-115-mm-k-40-jetzt-bestellen-88189\/","title":{"rendered":"Forum Schleifleinen Sparrolle 115 mm K 40 Jetzt Bestellen"},"content":{"rendered":"<h2 class=\"product-detail-description-title fs-4 mb-0\">        Forum Schleifleinen Sparrolle 115 mm K 40    <\/h2>\n<div class=\"product-detail-description-text\"         itemprop=\"description\">\n<div class=\"product--description\">\n<div class=\"product-information-name product-information-name-big\">Produktmerkmale<\/div>\n<div class=\"product-information-name\">Kunststoff GFK<\/div>\n<div class=\"product-information-value\">bedingt geeignet<\/div>\n<div class=\"product-information-name\">Stahl<\/div>\n<div class=\"product-information-value\">empfohlen<\/div>\n<div class=\"product-information-name\">INOX<\/div>\n<div class=\"product-information-value\">empfohlen<\/div>\n<div class=\"product-information-name\">Gusseisen<\/div>\n<div class=\"product-information-value\">bedingt geeignet<\/div>\n<div class=\"product-information-name\">Alu, NE-Metalle, NE-Leg.<\/div>\n<div class=\"product-information-value\">bedingt geeignet<\/div>\n<div class=\"product-information-name\">Holz<\/div>\n<div class=\"product-information-value\">bedingt geeignet<\/div>\n<div class=\"product-information-name product-information-name-big\">Abmessungen<\/div>\n<div class=\"product-information-name\">Breite<\/div>\n<div class=\"product-information-value\">115 mm<\/div>\n<div class=\"product-information-name\">L\u00e4nge<\/div>\n<div class=\"product-information-value\">50 m<\/div>\n<div class=\"product-information-name product-information-name-big\">Eigenschaften<\/div>\n<div class=\"product-information-name\">K\u00f6rnung<\/div>\n<div class=\"product-information-value\">40<\/div>\n<div class=\"product-information-name product-information-name-big\">Merkmale<\/div>\n<div class=\"product-information-value product-information-value-big\">\n<ul>\n<li>Schleifleinen-Sparrolle f\u00fcr die Metallbearbeitung<\/li>\n<li>Korund<\/li>\n<li>Gewebeunterlage<\/li>\n<li>Rollenl\u00e4nge 50 m<\/li>\n<li>Zur Bearbeitung von Metall und Holz<\/li>\n<\/ul>\n<\/div><\/div>\n<\/p><\/div>\n<\/p><\/div>\n<\/p><\/div>\n<\/p><\/div>\n","protected":false},"excerpt":{"rendered":"<p>Forum Schleifleinen Sparrolle 115 mm K 40 Produktmerkmale Kunststoff GFK bedingt geeignet Stahl empfohlen INOX empfohlen Gusseisen bedingt geeignet Alu, NE-Metalle, NE-Leg. bedingt geeignet Holz bedingt geeignet Abmessungen Breite 115 mm L\u00e4nge 50 m Eigenschaften K\u00f6rnung 40 Merkmale Schleifleinen-Sparrolle f\u00fcr die Metallbearbeitung Korund Gewebeunterlage Rollenl\u00e4nge 50 m Zur Bearbeitung von Metall und Holz<\/p>\n","protected":false},"featured_media":88289,"template":"","meta":[],"product_brand":[],"product_cat":[79],"product_tag":[],"class_list":{"0":"post-88189","1":"product","2":"type-product","3":"status-publish","4":"has-post-thumbnail","6":"product_cat-werkstatt","8":"first","9":"instock","10":"sale","11":"shipping-taxable","12":"purchasable","13":"product-type-simple"},"yoast_head":"<!-- This site is optimized with the Yoast SEO plugin v27.3 - https:\/\/yoast.com\/product\/yoast-seo-wordpress\/ -->\n<title>Forum Schleifleinen Sparrolle 115 mm K 40 Jetzt Bestellen - Baubedarf &amp; Werkzeuge online kaufen<\/title>\n<meta name=\"robots\" content=\"index, follow, max-snippet:-1, max-image-preview:large, max-video-preview:-1\" \/>\n<link rel=\"canonical\" href=\"https:\/\/www.baunor.com\/index.php\/produkt\/forum-schleifleinen-sparrolle-115-mm-k-40-jetzt-bestellen-88189\/\" \/>\n<meta property=\"og:locale\" content=\"de_DE\" \/>\n<meta property=\"og:type\" content=\"article\" \/>\n<meta property=\"og:title\" content=\"Forum Schleifleinen Sparrolle 115 mm K 40 Jetzt Bestellen - Baubedarf &amp; Werkzeuge online kaufen\" \/>\n<meta property=\"og:description\" content=\"Forum Schleifleinen Sparrolle 115 mm K 40 Produktmerkmale Kunststoff GFK bedingt geeignet Stahl empfohlen INOX empfohlen Gusseisen bedingt geeignet Alu, NE-Metalle, NE-Leg. bedingt geeignet Holz bedingt geeignet Abmessungen Breite 115 mm L\u00e4nge 50 m Eigenschaften K\u00f6rnung 40 Merkmale Schleifleinen-Sparrolle f\u00fcr die Metallbearbeitung Korund Gewebeunterlage Rollenl\u00e4nge 50 m Zur Bearbeitung von Metall und Holz\" \/>\n<meta property=\"og:url\" content=\"https:\/\/www.baunor.com\/index.php\/produkt\/forum-schleifleinen-sparrolle-115-mm-k-40-jetzt-bestellen-88189\/\" \/>\n<meta property=\"og:site_name\" content=\"Baubedarf &amp; Werkzeuge online kaufen\" \/>\n<meta property=\"og:image\" content=\"https:\/\/www.baunor.com\/wp-content\/uploads\/2026\/SK0025424-DE20260408-083406-0-1775608450-forum_2019_freisteller_schleifleinen-sparrolle.webp\" \/>\n\t<meta property=\"og:image:width\" content=\"1000\" \/>\n\t<meta property=\"og:image:height\" content=\"547\" \/>\n\t<meta property=\"og:image:type\" content=\"image\/webp\" \/>\n<meta name=\"twitter:card\" content=\"summary_large_image\" \/>\n<script type=\"application\/ld+json\" class=\"yoast-schema-graph\">{\"@context\":\"https:\\\/\\\/schema.org\",\"@graph\":[{\"@type\":\"WebPage\",\"@id\":\"https:\\\/\\\/www.baunor.com\\\/index.php\\\/produkt\\\/forum-schleifleinen-sparrolle-115-mm-k-40-jetzt-bestellen-88189\\\/\",\"url\":\"https:\\\/\\\/www.baunor.com\\\/index.php\\\/produkt\\\/forum-schleifleinen-sparrolle-115-mm-k-40-jetzt-bestellen-88189\\\/\",\"name\":\"Forum Schleifleinen Sparrolle 115 mm K 40 Jetzt Bestellen - Baubedarf &amp; Werkzeuge online kaufen\",\"isPartOf\":{\"@id\":\"https:\\\/\\\/www.baunor.com\\\/#website\"},\"primaryImageOfPage\":{\"@id\":\"https:\\\/\\\/www.baunor.com\\\/index.php\\\/produkt\\\/forum-schleifleinen-sparrolle-115-mm-k-40-jetzt-bestellen-88189\\\/#primaryimage\"},\"image\":{\"@id\":\"https:\\\/\\\/www.baunor.com\\\/index.php\\\/produkt\\\/forum-schleifleinen-sparrolle-115-mm-k-40-jetzt-bestellen-88189\\\/#primaryimage\"},\"thumbnailUrl\":\"https:\\\/\\\/www.baunor.com\\\/wp-content\\\/uploads\\\/2026\\\/SK0025424-DE20260408-083406-0-1775608450-forum_2019_freisteller_schleifleinen-sparrolle.webp\",\"datePublished\":\"2026-04-17T10:38:39+00:00\",\"breadcrumb\":{\"@id\":\"https:\\\/\\\/www.baunor.com\\\/index.php\\\/produkt\\\/forum-schleifleinen-sparrolle-115-mm-k-40-jetzt-bestellen-88189\\\/#breadcrumb\"},\"inLanguage\":\"de\",\"potentialAction\":[{\"@type\":\"ReadAction\",\"target\":[\"https:\\\/\\\/www.baunor.com\\\/index.php\\\/produkt\\\/forum-schleifleinen-sparrolle-115-mm-k-40-jetzt-bestellen-88189\\\/\"]}]},{\"@type\":\"ImageObject\",\"inLanguage\":\"de\",\"@id\":\"https:\\\/\\\/www.baunor.com\\\/index.php\\\/produkt\\\/forum-schleifleinen-sparrolle-115-mm-k-40-jetzt-bestellen-88189\\\/#primaryimage\",\"url\":\"https:\\\/\\\/www.baunor.com\\\/wp-content\\\/uploads\\\/2026\\\/SK0025424-DE20260408-083406-0-1775608450-forum_2019_freisteller_schleifleinen-sparrolle.webp\",\"contentUrl\":\"https:\\\/\\\/www.baunor.com\\\/wp-content\\\/uploads\\\/2026\\\/SK0025424-DE20260408-083406-0-1775608450-forum_2019_freisteller_schleifleinen-sparrolle.webp\",\"width\":1000,\"height\":547},{\"@type\":\"BreadcrumbList\",\"@id\":\"https:\\\/\\\/www.baunor.com\\\/index.php\\\/produkt\\\/forum-schleifleinen-sparrolle-115-mm-k-40-jetzt-bestellen-88189\\\/#breadcrumb\",\"itemListElement\":[{\"@type\":\"ListItem\",\"position\":1,\"name\":\"Home\",\"item\":\"https:\\\/\\\/www.baunor.com\\\/\"},{\"@type\":\"ListItem\",\"position\":2,\"name\":\"Take Your Adventure To The Next Level\",\"item\":\"https:\\\/\\\/www.baunor.com\\\/index.php\\\/shop-2\\\/\"},{\"@type\":\"ListItem\",\"position\":3,\"name\":\"Forum Schleifleinen Sparrolle 115 mm K 40 Jetzt Bestellen\"}]},{\"@type\":\"WebSite\",\"@id\":\"https:\\\/\\\/www.baunor.com\\\/#website\",\"url\":\"https:\\\/\\\/www.baunor.com\\\/\",\"name\":\"Baubedarf &amp; Werkzeuge online kaufen\",\"description\":\"Baubedarf &amp; Werkzeuge online kaufen\",\"publisher\":{\"@id\":\"https:\\\/\\\/www.baunor.com\\\/#organization\"},\"potentialAction\":[{\"@type\":\"SearchAction\",\"target\":{\"@type\":\"EntryPoint\",\"urlTemplate\":\"https:\\\/\\\/www.baunor.com\\\/?s={search_term_string}\"},\"query-input\":{\"@type\":\"PropertyValueSpecification\",\"valueRequired\":true,\"valueName\":\"search_term_string\"}}],\"inLanguage\":\"de\"},{\"@type\":\"Organization\",\"@id\":\"https:\\\/\\\/www.baunor.com\\\/#organization\",\"name\":\"Baubedarf &amp; Werkzeuge online kaufen\",\"url\":\"https:\\\/\\\/www.baunor.com\\\/\",\"logo\":{\"@type\":\"ImageObject\",\"inLanguage\":\"de\",\"@id\":\"https:\\\/\\\/www.baunor.com\\\/#\\\/schema\\\/logo\\\/image\\\/\",\"url\":\"https:\\\/\\\/www.baunor.com\\\/wp-content\\\/uploads\\\/2026\\\/04\\\/baunor_logo_460x100_v2.svg\",\"contentUrl\":\"https:\\\/\\\/www.baunor.com\\\/wp-content\\\/uploads\\\/2026\\\/04\\\/baunor_logo_460x100_v2.svg\",\"width\":460,\"height\":100,\"caption\":\"Baubedarf &amp; Werkzeuge online kaufen\"},\"image\":{\"@id\":\"https:\\\/\\\/www.baunor.com\\\/#\\\/schema\\\/logo\\\/image\\\/\"}}]}<\/script>\n<!-- \/ Yoast SEO plugin. -->","yoast_head_json":{"title":"Forum Schleifleinen Sparrolle 115 mm K 40 Jetzt Bestellen - Baubedarf &amp; Werkzeuge online kaufen","robots":{"index":"index","follow":"follow","max-snippet":"max-snippet:-1","max-image-preview":"max-image-preview:large","max-video-preview":"max-video-preview:-1"},"canonical":"https:\/\/www.baunor.com\/index.php\/produkt\/forum-schleifleinen-sparrolle-115-mm-k-40-jetzt-bestellen-88189\/","og_locale":"de_DE","og_type":"article","og_title":"Forum Schleifleinen Sparrolle 115 mm K 40 Jetzt Bestellen - Baubedarf &amp; Werkzeuge online kaufen","og_description":"Forum Schleifleinen Sparrolle 115 mm K 40 Produktmerkmale Kunststoff GFK bedingt geeignet Stahl empfohlen INOX empfohlen Gusseisen bedingt geeignet Alu, NE-Metalle, NE-Leg. bedingt geeignet Holz bedingt geeignet Abmessungen Breite 115 mm L\u00e4nge 50 m Eigenschaften K\u00f6rnung 40 Merkmale Schleifleinen-Sparrolle f\u00fcr die Metallbearbeitung Korund Gewebeunterlage Rollenl\u00e4nge 50 m Zur Bearbeitung von Metall und Holz","og_url":"https:\/\/www.baunor.com\/index.php\/produkt\/forum-schleifleinen-sparrolle-115-mm-k-40-jetzt-bestellen-88189\/","og_site_name":"Baubedarf &amp; Werkzeuge online kaufen","og_image":[{"width":1000,"height":547,"url":"https:\/\/www.baunor.com\/wp-content\/uploads\/2026\/SK0025424-DE20260408-083406-0-1775608450-forum_2019_freisteller_schleifleinen-sparrolle.webp","type":"image\/webp"}],"twitter_card":"summary_large_image","schema":{"@context":"https:\/\/schema.org","@graph":[{"@type":"WebPage","@id":"https:\/\/www.baunor.com\/index.php\/produkt\/forum-schleifleinen-sparrolle-115-mm-k-40-jetzt-bestellen-88189\/","url":"https:\/\/www.baunor.com\/index.php\/produkt\/forum-schleifleinen-sparrolle-115-mm-k-40-jetzt-bestellen-88189\/","name":"Forum Schleifleinen Sparrolle 115 mm K 40 Jetzt Bestellen - Baubedarf &amp; Werkzeuge online kaufen","isPartOf":{"@id":"https:\/\/www.baunor.com\/#website"},"primaryImageOfPage":{"@id":"https:\/\/www.baunor.com\/index.php\/produkt\/forum-schleifleinen-sparrolle-115-mm-k-40-jetzt-bestellen-88189\/#primaryimage"},"image":{"@id":"https:\/\/www.baunor.com\/index.php\/produkt\/forum-schleifleinen-sparrolle-115-mm-k-40-jetzt-bestellen-88189\/#primaryimage"},"thumbnailUrl":"https:\/\/www.baunor.com\/wp-content\/uploads\/2026\/SK0025424-DE20260408-083406-0-1775608450-forum_2019_freisteller_schleifleinen-sparrolle.webp","datePublished":"2026-04-17T10:38:39+00:00","breadcrumb":{"@id":"https:\/\/www.baunor.com\/index.php\/produkt\/forum-schleifleinen-sparrolle-115-mm-k-40-jetzt-bestellen-88189\/#breadcrumb"},"inLanguage":"de","potentialAction":[{"@type":"ReadAction","target":["https:\/\/www.baunor.com\/index.php\/produkt\/forum-schleifleinen-sparrolle-115-mm-k-40-jetzt-bestellen-88189\/"]}]},{"@type":"ImageObject","inLanguage":"de","@id":"https:\/\/www.baunor.com\/index.php\/produkt\/forum-schleifleinen-sparrolle-115-mm-k-40-jetzt-bestellen-88189\/#primaryimage","url":"https:\/\/www.baunor.com\/wp-content\/uploads\/2026\/SK0025424-DE20260408-083406-0-1775608450-forum_2019_freisteller_schleifleinen-sparrolle.webp","contentUrl":"https:\/\/www.baunor.com\/wp-content\/uploads\/2026\/SK0025424-DE20260408-083406-0-1775608450-forum_2019_freisteller_schleifleinen-sparrolle.webp","width":1000,"height":547},{"@type":"BreadcrumbList","@id":"https:\/\/www.baunor.com\/index.php\/produkt\/forum-schleifleinen-sparrolle-115-mm-k-40-jetzt-bestellen-88189\/#breadcrumb","itemListElement":[{"@type":"ListItem","position":1,"name":"Home","item":"https:\/\/www.baunor.com\/"},{"@type":"ListItem","position":2,"name":"Take Your Adventure To The Next Level","item":"https:\/\/www.baunor.com\/index.php\/shop-2\/"},{"@type":"ListItem","position":3,"name":"Forum Schleifleinen Sparrolle 115 mm K 40 Jetzt Bestellen"}]},{"@type":"WebSite","@id":"https:\/\/www.baunor.com\/#website","url":"https:\/\/www.baunor.com\/","name":"Baubedarf &amp; Werkzeuge online kaufen","description":"Baubedarf &amp; Werkzeuge online kaufen","publisher":{"@id":"https:\/\/www.baunor.com\/#organization"},"potentialAction":[{"@type":"SearchAction","target":{"@type":"EntryPoint","urlTemplate":"https:\/\/www.baunor.com\/?s={search_term_string}"},"query-input":{"@type":"PropertyValueSpecification","valueRequired":true,"valueName":"search_term_string"}}],"inLanguage":"de"},{"@type":"Organization","@id":"https:\/\/www.baunor.com\/#organization","name":"Baubedarf &amp; Werkzeuge online kaufen","url":"https:\/\/www.baunor.com\/","logo":{"@type":"ImageObject","inLanguage":"de","@id":"https:\/\/www.baunor.com\/#\/schema\/logo\/image\/","url":"https:\/\/www.baunor.com\/wp-content\/uploads\/2026\/04\/baunor_logo_460x100_v2.svg","contentUrl":"https:\/\/www.baunor.com\/wp-content\/uploads\/2026\/04\/baunor_logo_460x100_v2.svg","width":460,"height":100,"caption":"Baubedarf &amp; Werkzeuge online kaufen"},"image":{"@id":"https:\/\/www.baunor.com\/#\/schema\/logo\/image\/"}}]}},"_links":{"self":[{"href":"https:\/\/www.baunor.com\/wp-json\/wp\/v2\/product\/88189","targetHints":{"allow":["GET"]}}],"collection":[{"href":"https:\/\/www.baunor.com\/wp-json\/wp\/v2\/product"}],"about":[{"href":"https:\/\/www.baunor.com\/wp-json\/wp\/v2\/types\/product"}],"wp:featuredmedia":[{"embeddable":true,"href":"https:\/\/www.baunor.com\/wp-json\/wp\/v2\/media\/88289"}],"wp:attachment":[{"href":"https:\/\/www.baunor.com\/wp-json\/wp\/v2\/media?parent=88189"}],"wp:term":[{"taxonomy":"product_brand","embeddable":true,"href":"https:\/\/www.baunor.com\/wp-json\/wp\/v2\/product_brand?post=88189"},{"taxonomy":"product_cat","embeddable":true,"href":"https:\/\/www.baunor.com\/wp-json\/wp\/v2\/product_cat?post=88189"},{"taxonomy":"product_tag","embeddable":true,"href":"https:\/\/www.baunor.com\/wp-json\/wp\/v2\/product_tag?post=88189"}],"curies":[{"name":"wp","href":"https:\/\/api.w.org\/{rel}","templated":true}]}}