{"id":88186,"date":"2026-04-17T10:38:39","date_gmt":"2026-04-17T10:38:39","guid":{"rendered":""},"modified":"2026-04-17T10:38:39","modified_gmt":"2026-04-17T10:38:39","slug":"baak-damen-halbschuh-svea-3218-s3-src-grosse-38-direktkauf-88186","status":"publish","type":"product","link":"https:\/\/www.baunor.com\/index.php\/produkt\/baak-damen-halbschuh-svea-3218-s3-src-grosse-38-direktkauf-88186\/","title":{"rendered":"Baak Damen-Halbschuh Svea 3218, S3 SRC, Gr\u00f6\u00dfe 38 Direktkauf"},"content":{"rendered":"<h2 class=\"product-detail-description-title fs-4 mb-0\">        Baak Damen-Halbschuh Svea 3218, S3 SRC, Gr\u00f6\u00dfe 38    <\/h2>\n<div class=\"product-detail-description-text\"         itemprop=\"description\">\n<div class=\"product--description\">\n<div class=\"product-information-name product-information-name-big\">Produktmerkmale<\/div>\n<div class=\"product-information-name\">Verpackungseinheit<\/div>\n<div class=\"product-information-value\">1 Paar<\/div>\n<div class=\"product-information-name\">Serie<\/div>\n<div class=\"product-information-value\">Street<\/div>\n<div class=\"product-information-name\">Gewicht<\/div>\n<div class=\"product-information-value\">ca. 380 g pro St\u00fcck (Gr\u00f6\u00dfe 38)<\/div>\n<div class=\"product-information-name product-information-name-big\">Abmessungen<\/div>\n<div class=\"product-information-name\">Gr\u00f6\u00dfe<\/div>\n<div class=\"product-information-value\">38<\/div>\n<div class=\"product-information-name\">Weite<\/div>\n<div class=\"product-information-value\">10<\/div>\n<div class=\"product-information-name product-information-name-big\">Material und Farbe<\/div>\n<div class=\"product-information-name\">Farbe<\/div>\n<div class=\"product-information-value\">blau-schwarz \/ schwarz-mint<\/div>\n<div class=\"product-information-name\">Sohle<\/div>\n<div class=\"product-information-value\">EVA\/Nitril-Sohle mit Baak-Flexzone, nicht kreidend, besonders rutschhemmend<\/div>\n<div class=\"product-information-name product-information-name-big\">Normen und Standards<\/div>\n<div class=\"product-information-name\">Zulassung\/Norm<\/div>\n<div class=\"product-information-value\">EN ISO 20345 S3 SRC ESD<\/div>\n<div class=\"product-information-name product-information-name-big\">Merkmale<\/div>\n<div class=\"product-information-value product-information-value-big\">\n<ul>\n<li>Damen-Halbschuh &#8222;3218 Svea&#8220;, S3 SRC ESD<\/li>\n<li>Leichte Ausf\u00fchrung<\/li>\n<li>Bequeme Passform<\/li>\n<li>Gefertigt \u00fcber einen speziellen Damenleisten<\/li>\n<li>Atmungsaktiv<\/li>\n<li>Antibakteriell<\/li>\n<li>Mit Baak\u00ae go&#038;relax-System zum fu\u00dfgerechten Abknicken<\/li>\n<li>Sicherheit: Stahl-Flex-Zehenschutzkappe mit guter Zehenfreiheit; textiler, flexibler Durchtrittschutz<\/li>\n<\/ul>\n<\/div>\n<div class=\"product-information-name product-information-name-big\">Fu\u00dfbett<\/div>\n<div class=\"product-information-value product-information-value-big\">Baak ESD Softstep+-Einlegesohle, atmungsaktiv mit hoher Feuchtigkeitsaufnahme und -abgabe, Baak-Flexzone im Ballenbereich und H-Kopplungselement<\/div>\n<div class=\"product-information-name product-information-name-big\">Material<\/div>\n<div class=\"product-information-value product-information-value-big\">Schaft aus abriebfestem und wasserresistenten Nylonmaterial mit dekorativer TPU-Applikation, Sandwich-Lining-Textilfutter<\/div>\n<\/p><\/div>\n<\/p><\/div>\n<\/p><\/div>\n<\/p><\/div>\n<\/p><\/div>\n","protected":false},"excerpt":{"rendered":"<p>Baak Damen-Halbschuh Svea 3218, S3 SRC, Gr\u00f6\u00dfe 38 Produktmerkmale Verpackungseinheit 1 Paar Serie Street Gewicht ca. 380 g pro St\u00fcck (Gr\u00f6\u00dfe 38) Abmessungen Gr\u00f6\u00dfe 38 Weite 10 Material und Farbe Farbe blau-schwarz \/ schwarz-mint Sohle EVA\/Nitril-Sohle mit Baak-Flexzone, nicht kreidend, besonders rutschhemmend Normen und Standards Zulassung\/Norm EN ISO 20345 S3 SRC ESD Merkmale Damen-Halbschuh &#8222;3218 [&hellip;]<\/p>\n","protected":false},"featured_media":88286,"template":"","meta":[],"product_brand":[],"product_cat":[79],"product_tag":[],"class_list":{"0":"post-88186","1":"product","2":"type-product","3":"status-publish","4":"has-post-thumbnail","6":"product_cat-werkstatt","8":"first","9":"instock","10":"sale","11":"shipping-taxable","12":"purchasable","13":"product-type-simple"},"yoast_head":"<!-- This site is optimized with the Yoast SEO plugin v27.3 - https:\/\/yoast.com\/product\/yoast-seo-wordpress\/ -->\n<title>Baak Damen-Halbschuh Svea 3218, S3 SRC, Gr\u00f6\u00dfe 38 Direktkauf -<\/title>\n<meta name=\"robots\" content=\"index, follow, max-snippet:-1, max-image-preview:large, max-video-preview:-1\" \/>\n<link rel=\"canonical\" href=\"https:\/\/www.baunor.com\/index.php\/produkt\/baak-damen-halbschuh-svea-3218-s3-src-grosse-38-direktkauf-88186\/\" \/>\n<meta property=\"og:locale\" content=\"de_DE\" \/>\n<meta property=\"og:type\" content=\"article\" \/>\n<meta property=\"og:title\" content=\"Baak Damen-Halbschuh Svea 3218, S3 SRC, Gr\u00f6\u00dfe 38 Direktkauf -\" \/>\n<meta property=\"og:description\" content=\"Baak Damen-Halbschuh Svea 3218, S3 SRC, Gr\u00f6\u00dfe 38 Produktmerkmale Verpackungseinheit 1 Paar Serie Street Gewicht ca. 380 g pro St\u00fcck (Gr\u00f6\u00dfe 38) Abmessungen Gr\u00f6\u00dfe 38 Weite 10 Material und Farbe Farbe blau-schwarz \/ schwarz-mint Sohle EVA\/Nitril-Sohle mit Baak-Flexzone, nicht kreidend, besonders rutschhemmend Normen und Standards Zulassung\/Norm EN ISO 20345 S3 SRC ESD Merkmale Damen-Halbschuh &#8222;3218 [&hellip;]\" \/>\n<meta property=\"og:url\" content=\"https:\/\/www.baunor.com\/index.php\/produkt\/baak-damen-halbschuh-svea-3218-s3-src-grosse-38-direktkauf-88186\/\" \/>\n<meta property=\"og:image\" content=\"https:\/\/www.baunor.com\/wp-content\/uploads\/2026\/SK0025421-DE20260408-083406-0-1775608450-baak_2024_freisteller-drehung_damen-halbschuh-svea-3218-s3-.webp\" \/>\n\t<meta property=\"og:image:width\" content=\"1000\" \/>\n\t<meta property=\"og:image:height\" content=\"507\" \/>\n\t<meta property=\"og:image:type\" content=\"image\/webp\" \/>\n<meta name=\"twitter:card\" content=\"summary_large_image\" \/>\n<script type=\"application\/ld+json\" class=\"yoast-schema-graph\">{\"@context\":\"https:\\\/\\\/schema.org\",\"@graph\":[{\"@type\":\"WebPage\",\"@id\":\"https:\\\/\\\/www.baunor.com\\\/index.php\\\/produkt\\\/baak-damen-halbschuh-svea-3218-s3-src-grosse-38-direktkauf-88186\\\/\",\"url\":\"https:\\\/\\\/www.baunor.com\\\/index.php\\\/produkt\\\/baak-damen-halbschuh-svea-3218-s3-src-grosse-38-direktkauf-88186\\\/\",\"name\":\"Baak Damen-Halbschuh Svea 3218, S3 SRC, Gr\u00f6\u00dfe 38 Direktkauf -\",\"isPartOf\":{\"@id\":\"https:\\\/\\\/www.baunor.com\\\/#website\"},\"primaryImageOfPage\":{\"@id\":\"https:\\\/\\\/www.baunor.com\\\/index.php\\\/produkt\\\/baak-damen-halbschuh-svea-3218-s3-src-grosse-38-direktkauf-88186\\\/#primaryimage\"},\"image\":{\"@id\":\"https:\\\/\\\/www.baunor.com\\\/index.php\\\/produkt\\\/baak-damen-halbschuh-svea-3218-s3-src-grosse-38-direktkauf-88186\\\/#primaryimage\"},\"thumbnailUrl\":\"https:\\\/\\\/www.baunor.com\\\/wp-content\\\/uploads\\\/2026\\\/SK0025421-DE20260408-083406-0-1775608450-baak_2024_freisteller-drehung_damen-halbschuh-svea-3218-s3-.webp\",\"datePublished\":\"2026-04-17T10:38:39+00:00\",\"breadcrumb\":{\"@id\":\"https:\\\/\\\/www.baunor.com\\\/index.php\\\/produkt\\\/baak-damen-halbschuh-svea-3218-s3-src-grosse-38-direktkauf-88186\\\/#breadcrumb\"},\"inLanguage\":\"de\",\"potentialAction\":[{\"@type\":\"ReadAction\",\"target\":[\"https:\\\/\\\/www.baunor.com\\\/index.php\\\/produkt\\\/baak-damen-halbschuh-svea-3218-s3-src-grosse-38-direktkauf-88186\\\/\"]}]},{\"@type\":\"ImageObject\",\"inLanguage\":\"de\",\"@id\":\"https:\\\/\\\/www.baunor.com\\\/index.php\\\/produkt\\\/baak-damen-halbschuh-svea-3218-s3-src-grosse-38-direktkauf-88186\\\/#primaryimage\",\"url\":\"https:\\\/\\\/www.baunor.com\\\/wp-content\\\/uploads\\\/2026\\\/SK0025421-DE20260408-083406-0-1775608450-baak_2024_freisteller-drehung_damen-halbschuh-svea-3218-s3-.webp\",\"contentUrl\":\"https:\\\/\\\/www.baunor.com\\\/wp-content\\\/uploads\\\/2026\\\/SK0025421-DE20260408-083406-0-1775608450-baak_2024_freisteller-drehung_damen-halbschuh-svea-3218-s3-.webp\",\"width\":1000,\"height\":507},{\"@type\":\"BreadcrumbList\",\"@id\":\"https:\\\/\\\/www.baunor.com\\\/index.php\\\/produkt\\\/baak-damen-halbschuh-svea-3218-s3-src-grosse-38-direktkauf-88186\\\/#breadcrumb\",\"itemListElement\":[{\"@type\":\"ListItem\",\"position\":1,\"name\":\"Home\",\"item\":\"https:\\\/\\\/www.baunor.com\\\/\"},{\"@type\":\"ListItem\",\"position\":2,\"name\":\"Take Your Adventure To The Next Level\",\"item\":\"https:\\\/\\\/www.baunor.com\\\/index.php\\\/shop-2\\\/\"},{\"@type\":\"ListItem\",\"position\":3,\"name\":\"Baak Damen-Halbschuh Svea 3218, S3 SRC, Gr\u00f6\u00dfe 38 Direktkauf\"}]},{\"@type\":\"WebSite\",\"@id\":\"https:\\\/\\\/www.baunor.com\\\/#website\",\"url\":\"https:\\\/\\\/www.baunor.com\\\/\",\"name\":\"\",\"description\":\"\",\"potentialAction\":[{\"@type\":\"SearchAction\",\"target\":{\"@type\":\"EntryPoint\",\"urlTemplate\":\"https:\\\/\\\/www.baunor.com\\\/?s={search_term_string}\"},\"query-input\":{\"@type\":\"PropertyValueSpecification\",\"valueRequired\":true,\"valueName\":\"search_term_string\"}}],\"inLanguage\":\"de\"}]}<\/script>\n<!-- \/ Yoast SEO plugin. -->","yoast_head_json":{"title":"Baak Damen-Halbschuh Svea 3218, S3 SRC, Gr\u00f6\u00dfe 38 Direktkauf -","robots":{"index":"index","follow":"follow","max-snippet":"max-snippet:-1","max-image-preview":"max-image-preview:large","max-video-preview":"max-video-preview:-1"},"canonical":"https:\/\/www.baunor.com\/index.php\/produkt\/baak-damen-halbschuh-svea-3218-s3-src-grosse-38-direktkauf-88186\/","og_locale":"de_DE","og_type":"article","og_title":"Baak Damen-Halbschuh Svea 3218, S3 SRC, Gr\u00f6\u00dfe 38 Direktkauf -","og_description":"Baak Damen-Halbschuh Svea 3218, S3 SRC, Gr\u00f6\u00dfe 38 Produktmerkmale Verpackungseinheit 1 Paar Serie Street Gewicht ca. 380 g pro St\u00fcck (Gr\u00f6\u00dfe 38) Abmessungen Gr\u00f6\u00dfe 38 Weite 10 Material und Farbe Farbe blau-schwarz \/ schwarz-mint Sohle EVA\/Nitril-Sohle mit Baak-Flexzone, nicht kreidend, besonders rutschhemmend Normen und Standards Zulassung\/Norm EN ISO 20345 S3 SRC ESD Merkmale Damen-Halbschuh &#8222;3218 [&hellip;]","og_url":"https:\/\/www.baunor.com\/index.php\/produkt\/baak-damen-halbschuh-svea-3218-s3-src-grosse-38-direktkauf-88186\/","og_image":[{"width":1000,"height":507,"url":"https:\/\/www.baunor.com\/wp-content\/uploads\/2026\/SK0025421-DE20260408-083406-0-1775608450-baak_2024_freisteller-drehung_damen-halbschuh-svea-3218-s3-.webp","type":"image\/webp"}],"twitter_card":"summary_large_image","schema":{"@context":"https:\/\/schema.org","@graph":[{"@type":"WebPage","@id":"https:\/\/www.baunor.com\/index.php\/produkt\/baak-damen-halbschuh-svea-3218-s3-src-grosse-38-direktkauf-88186\/","url":"https:\/\/www.baunor.com\/index.php\/produkt\/baak-damen-halbschuh-svea-3218-s3-src-grosse-38-direktkauf-88186\/","name":"Baak Damen-Halbschuh Svea 3218, S3 SRC, Gr\u00f6\u00dfe 38 Direktkauf -","isPartOf":{"@id":"https:\/\/www.baunor.com\/#website"},"primaryImageOfPage":{"@id":"https:\/\/www.baunor.com\/index.php\/produkt\/baak-damen-halbschuh-svea-3218-s3-src-grosse-38-direktkauf-88186\/#primaryimage"},"image":{"@id":"https:\/\/www.baunor.com\/index.php\/produkt\/baak-damen-halbschuh-svea-3218-s3-src-grosse-38-direktkauf-88186\/#primaryimage"},"thumbnailUrl":"https:\/\/www.baunor.com\/wp-content\/uploads\/2026\/SK0025421-DE20260408-083406-0-1775608450-baak_2024_freisteller-drehung_damen-halbschuh-svea-3218-s3-.webp","datePublished":"2026-04-17T10:38:39+00:00","breadcrumb":{"@id":"https:\/\/www.baunor.com\/index.php\/produkt\/baak-damen-halbschuh-svea-3218-s3-src-grosse-38-direktkauf-88186\/#breadcrumb"},"inLanguage":"de","potentialAction":[{"@type":"ReadAction","target":["https:\/\/www.baunor.com\/index.php\/produkt\/baak-damen-halbschuh-svea-3218-s3-src-grosse-38-direktkauf-88186\/"]}]},{"@type":"ImageObject","inLanguage":"de","@id":"https:\/\/www.baunor.com\/index.php\/produkt\/baak-damen-halbschuh-svea-3218-s3-src-grosse-38-direktkauf-88186\/#primaryimage","url":"https:\/\/www.baunor.com\/wp-content\/uploads\/2026\/SK0025421-DE20260408-083406-0-1775608450-baak_2024_freisteller-drehung_damen-halbschuh-svea-3218-s3-.webp","contentUrl":"https:\/\/www.baunor.com\/wp-content\/uploads\/2026\/SK0025421-DE20260408-083406-0-1775608450-baak_2024_freisteller-drehung_damen-halbschuh-svea-3218-s3-.webp","width":1000,"height":507},{"@type":"BreadcrumbList","@id":"https:\/\/www.baunor.com\/index.php\/produkt\/baak-damen-halbschuh-svea-3218-s3-src-grosse-38-direktkauf-88186\/#breadcrumb","itemListElement":[{"@type":"ListItem","position":1,"name":"Home","item":"https:\/\/www.baunor.com\/"},{"@type":"ListItem","position":2,"name":"Take Your Adventure To The Next Level","item":"https:\/\/www.baunor.com\/index.php\/shop-2\/"},{"@type":"ListItem","position":3,"name":"Baak Damen-Halbschuh Svea 3218, S3 SRC, Gr\u00f6\u00dfe 38 Direktkauf"}]},{"@type":"WebSite","@id":"https:\/\/www.baunor.com\/#website","url":"https:\/\/www.baunor.com\/","name":"","description":"","potentialAction":[{"@type":"SearchAction","target":{"@type":"EntryPoint","urlTemplate":"https:\/\/www.baunor.com\/?s={search_term_string}"},"query-input":{"@type":"PropertyValueSpecification","valueRequired":true,"valueName":"search_term_string"}}],"inLanguage":"de"}]}},"_links":{"self":[{"href":"https:\/\/www.baunor.com\/index.php\/wp-json\/wp\/v2\/product\/88186","targetHints":{"allow":["GET"]}}],"collection":[{"href":"https:\/\/www.baunor.com\/index.php\/wp-json\/wp\/v2\/product"}],"about":[{"href":"https:\/\/www.baunor.com\/index.php\/wp-json\/wp\/v2\/types\/product"}],"wp:featuredmedia":[{"embeddable":true,"href":"https:\/\/www.baunor.com\/index.php\/wp-json\/wp\/v2\/media\/88286"}],"wp:attachment":[{"href":"https:\/\/www.baunor.com\/index.php\/wp-json\/wp\/v2\/media?parent=88186"}],"wp:term":[{"taxonomy":"product_brand","embeddable":true,"href":"https:\/\/www.baunor.com\/index.php\/wp-json\/wp\/v2\/product_brand?post=88186"},{"taxonomy":"product_cat","embeddable":true,"href":"https:\/\/www.baunor.com\/index.php\/wp-json\/wp\/v2\/product_cat?post=88186"},{"taxonomy":"product_tag","embeddable":true,"href":"https:\/\/www.baunor.com\/index.php\/wp-json\/wp\/v2\/product_tag?post=88186"}],"curies":[{"name":"wp","href":"https:\/\/api.w.org\/{rel}","templated":true}]}}