{"id":88177,"date":"2026-04-17T10:38:39","date_gmt":"2026-04-17T10:38:39","guid":{"rendered":""},"modified":"2026-04-17T10:38:39","modified_gmt":"2026-04-17T10:38:39","slug":"super-preis-ansell-handschuh-hyflex-11-518-grosse-6-88177","status":"publish","type":"product","link":"https:\/\/www.baunor.com\/produkt\/super-preis-ansell-handschuh-hyflex-11-518-grosse-6-88177\/","title":{"rendered":"Super-Preis Ansell Handschuh HyFlex 11-518, Gr\u00f6\u00dfe 6"},"content":{"rendered":"<h2 class=\"product-detail-description-title fs-4 mb-0\">        Ansell Handschuh HyFlex 11-518, Gr\u00f6\u00dfe 6    <\/h2>\n<div class=\"product-detail-description-text\"         itemprop=\"description\">\n<div class=\"product--description\">\n<div class=\"product-information-name product-information-name-big\">Produktmerkmale<\/div>\n<div class=\"product-information-name\">Verpackungseinheit<\/div>\n<div class=\"product-information-value\">12 Paar<\/div>\n<div class=\"product-information-name product-information-name-big\">Abmessungen<\/div>\n<div class=\"product-information-name\">Gr\u00f6\u00dfe<\/div>\n<div class=\"product-information-value\">6<\/div>\n<div class=\"product-information-name\">L\u00e4nge<\/div>\n<div class=\"product-information-value\">210-265 mm<\/div>\n<div class=\"product-information-name product-information-name-big\">Material und Farbe<\/div>\n<div class=\"product-information-name\">Material<\/div>\n<div class=\"product-information-value\">Beschichtung: Polyurethan, Tr\u00e4ger: Spandex\/Nylon, Dyneema\u00ae-Diamond-Technologie<\/div>\n<div class=\"product-information-name\">Farbe<\/div>\n<div class=\"product-information-value\">blau<\/div>\n<div class=\"product-information-name\">Gauge<\/div>\n<div class=\"product-information-value\">18<\/div>\n<div class=\"product-information-name product-information-name-big\">Normen und Standards<\/div>\n<div class=\"product-information-name\">Zulassung\/Norm<\/div>\n<div class=\"product-information-value\">EN 388:2016, EN 420:2003 + A1:2009<\/div>\n<div class=\"product-information-name product-information-name-big\">Merkmale<\/div>\n<div class=\"product-information-value product-information-value-big\">\n<ul>\n<li>Montagehandschuh &#8222;HyFlex\u00ae 11-518&#8220;<\/li>\n<li>Sehr leichtes, weiches Material<\/li>\n<li>Atmungsaktiv<\/li>\n<li>Gestrickt<\/li>\n<li>Innenhand beschichtet<\/li>\n<\/ul>\n<\/div>\n<div class=\"product-information-name product-information-name-big\">Anwendungsbereiche<\/div>\n<div class=\"product-information-value product-information-value-big\">Endmontage, Handhabung und Montage von extrem kleinen, scharfkantigen Teilen, Montage von Spritzgussteilen, Bearbeitung &#8211; spezielle Metallmischungen, Verpackungsbereiche mit Gefahr von Schnittverletzungen, Stanzen &#8211; leicht und trocken, Drahtmontage<\/div>\n<\/p><\/div>\n<\/p><\/div>\n<\/p><\/div>\n<\/p><\/div>\n<\/p><\/div>\n","protected":false},"excerpt":{"rendered":"<p>Ansell Handschuh HyFlex 11-518, Gr\u00f6\u00dfe 6 Produktmerkmale Verpackungseinheit 12 Paar Abmessungen Gr\u00f6\u00dfe 6 L\u00e4nge 210-265 mm Material und Farbe Material Beschichtung: Polyurethan, Tr\u00e4ger: Spandex\/Nylon, Dyneema\u00ae-Diamond-Technologie Farbe blau Gauge 18 Normen und Standards Zulassung\/Norm EN 388:2016, EN 420:2003 + A1:2009 Merkmale Montagehandschuh &#8222;HyFlex\u00ae 11-518&#8220; Sehr leichtes, weiches Material Atmungsaktiv Gestrickt Innenhand beschichtet Anwendungsbereiche Endmontage, Handhabung und [&hellip;]<\/p>\n","protected":false},"featured_media":88277,"template":"","meta":[],"product_brand":[],"product_cat":[79],"product_tag":[],"class_list":{"0":"post-88177","1":"product","2":"type-product","3":"status-publish","4":"has-post-thumbnail","6":"product_cat-werkstatt","8":"first","9":"instock","10":"sale","11":"shipping-taxable","12":"purchasable","13":"product-type-simple"},"yoast_head":"<!-- This site is optimized with the Yoast SEO plugin v27.3 - https:\/\/yoast.com\/product\/yoast-seo-wordpress\/ -->\n<title>Super-Preis Ansell Handschuh HyFlex 11-518, Gr\u00f6\u00dfe 6 - Baubedarf &amp; Werkzeuge online kaufen<\/title>\n<meta name=\"robots\" content=\"index, follow, max-snippet:-1, max-image-preview:large, max-video-preview:-1\" \/>\n<link rel=\"canonical\" href=\"https:\/\/www.baunor.com\/index.php\/produkt\/super-preis-ansell-handschuh-hyflex-11-518-grosse-6-88177\/\" \/>\n<meta property=\"og:locale\" content=\"de_DE\" \/>\n<meta property=\"og:type\" content=\"article\" \/>\n<meta property=\"og:title\" content=\"Super-Preis Ansell Handschuh HyFlex 11-518, Gr\u00f6\u00dfe 6 - Baubedarf &amp; Werkzeuge online kaufen\" \/>\n<meta property=\"og:description\" content=\"Ansell Handschuh HyFlex 11-518, Gr\u00f6\u00dfe 6 Produktmerkmale Verpackungseinheit 12 Paar Abmessungen Gr\u00f6\u00dfe 6 L\u00e4nge 210-265 mm Material und Farbe Material Beschichtung: Polyurethan, Tr\u00e4ger: Spandex\/Nylon, Dyneema\u00ae-Diamond-Technologie Farbe blau Gauge 18 Normen und Standards Zulassung\/Norm EN 388:2016, EN 420:2003 + A1:2009 Merkmale Montagehandschuh &#8222;HyFlex\u00ae 11-518&#8220; Sehr leichtes, weiches Material Atmungsaktiv Gestrickt Innenhand beschichtet Anwendungsbereiche Endmontage, Handhabung und [&hellip;]\" \/>\n<meta property=\"og:url\" content=\"https:\/\/www.baunor.com\/index.php\/produkt\/super-preis-ansell-handschuh-hyflex-11-518-grosse-6-88177\/\" \/>\n<meta property=\"og:site_name\" content=\"Baubedarf &amp; Werkzeuge online kaufen\" \/>\n<meta property=\"og:image\" content=\"https:\/\/www.baunor.com\/wp-content\/uploads\/2026\/SK0025412-DE20260408-083406-0-1775608450-ansell_2021_freisteller_handschuh-hyflex-11-518-groesse-6.j.webp\" \/>\n\t<meta property=\"og:image:width\" content=\"645\" \/>\n\t<meta property=\"og:image:height\" content=\"800\" \/>\n\t<meta property=\"og:image:type\" content=\"image\/webp\" \/>\n<meta name=\"twitter:card\" content=\"summary_large_image\" \/>\n<script type=\"application\/ld+json\" class=\"yoast-schema-graph\">{\"@context\":\"https:\\\/\\\/schema.org\",\"@graph\":[{\"@type\":\"WebPage\",\"@id\":\"https:\\\/\\\/www.baunor.com\\\/index.php\\\/produkt\\\/super-preis-ansell-handschuh-hyflex-11-518-grosse-6-88177\\\/\",\"url\":\"https:\\\/\\\/www.baunor.com\\\/index.php\\\/produkt\\\/super-preis-ansell-handschuh-hyflex-11-518-grosse-6-88177\\\/\",\"name\":\"Super-Preis Ansell Handschuh HyFlex 11-518, Gr\u00f6\u00dfe 6 - Baubedarf &amp; Werkzeuge online kaufen\",\"isPartOf\":{\"@id\":\"https:\\\/\\\/www.baunor.com\\\/#website\"},\"primaryImageOfPage\":{\"@id\":\"https:\\\/\\\/www.baunor.com\\\/index.php\\\/produkt\\\/super-preis-ansell-handschuh-hyflex-11-518-grosse-6-88177\\\/#primaryimage\"},\"image\":{\"@id\":\"https:\\\/\\\/www.baunor.com\\\/index.php\\\/produkt\\\/super-preis-ansell-handschuh-hyflex-11-518-grosse-6-88177\\\/#primaryimage\"},\"thumbnailUrl\":\"https:\\\/\\\/www.baunor.com\\\/wp-content\\\/uploads\\\/2026\\\/SK0025412-DE20260408-083406-0-1775608450-ansell_2021_freisteller_handschuh-hyflex-11-518-groesse-6.j.webp\",\"datePublished\":\"2026-04-17T10:38:39+00:00\",\"breadcrumb\":{\"@id\":\"https:\\\/\\\/www.baunor.com\\\/index.php\\\/produkt\\\/super-preis-ansell-handschuh-hyflex-11-518-grosse-6-88177\\\/#breadcrumb\"},\"inLanguage\":\"de\",\"potentialAction\":[{\"@type\":\"ReadAction\",\"target\":[\"https:\\\/\\\/www.baunor.com\\\/index.php\\\/produkt\\\/super-preis-ansell-handschuh-hyflex-11-518-grosse-6-88177\\\/\"]}]},{\"@type\":\"ImageObject\",\"inLanguage\":\"de\",\"@id\":\"https:\\\/\\\/www.baunor.com\\\/index.php\\\/produkt\\\/super-preis-ansell-handschuh-hyflex-11-518-grosse-6-88177\\\/#primaryimage\",\"url\":\"https:\\\/\\\/www.baunor.com\\\/wp-content\\\/uploads\\\/2026\\\/SK0025412-DE20260408-083406-0-1775608450-ansell_2021_freisteller_handschuh-hyflex-11-518-groesse-6.j.webp\",\"contentUrl\":\"https:\\\/\\\/www.baunor.com\\\/wp-content\\\/uploads\\\/2026\\\/SK0025412-DE20260408-083406-0-1775608450-ansell_2021_freisteller_handschuh-hyflex-11-518-groesse-6.j.webp\",\"width\":645,\"height\":800},{\"@type\":\"BreadcrumbList\",\"@id\":\"https:\\\/\\\/www.baunor.com\\\/index.php\\\/produkt\\\/super-preis-ansell-handschuh-hyflex-11-518-grosse-6-88177\\\/#breadcrumb\",\"itemListElement\":[{\"@type\":\"ListItem\",\"position\":1,\"name\":\"Home\",\"item\":\"https:\\\/\\\/www.baunor.com\\\/\"},{\"@type\":\"ListItem\",\"position\":2,\"name\":\"Take Your Adventure To The Next Level\",\"item\":\"https:\\\/\\\/www.baunor.com\\\/index.php\\\/shop-2\\\/\"},{\"@type\":\"ListItem\",\"position\":3,\"name\":\"Super-Preis Ansell Handschuh HyFlex 11-518, Gr\u00f6\u00dfe 6\"}]},{\"@type\":\"WebSite\",\"@id\":\"https:\\\/\\\/www.baunor.com\\\/#website\",\"url\":\"https:\\\/\\\/www.baunor.com\\\/\",\"name\":\"Baubedarf &amp; Werkzeuge online kaufen\",\"description\":\"Baubedarf &amp; Werkzeuge online kaufen\",\"publisher\":{\"@id\":\"https:\\\/\\\/www.baunor.com\\\/#organization\"},\"potentialAction\":[{\"@type\":\"SearchAction\",\"target\":{\"@type\":\"EntryPoint\",\"urlTemplate\":\"https:\\\/\\\/www.baunor.com\\\/?s={search_term_string}\"},\"query-input\":{\"@type\":\"PropertyValueSpecification\",\"valueRequired\":true,\"valueName\":\"search_term_string\"}}],\"inLanguage\":\"de\"},{\"@type\":\"Organization\",\"@id\":\"https:\\\/\\\/www.baunor.com\\\/#organization\",\"name\":\"Baubedarf &amp; Werkzeuge online kaufen\",\"url\":\"https:\\\/\\\/www.baunor.com\\\/\",\"logo\":{\"@type\":\"ImageObject\",\"inLanguage\":\"de\",\"@id\":\"https:\\\/\\\/www.baunor.com\\\/#\\\/schema\\\/logo\\\/image\\\/\",\"url\":\"https:\\\/\\\/www.baunor.com\\\/wp-content\\\/uploads\\\/2026\\\/04\\\/baunor_logo_460x100_v2.svg\",\"contentUrl\":\"https:\\\/\\\/www.baunor.com\\\/wp-content\\\/uploads\\\/2026\\\/04\\\/baunor_logo_460x100_v2.svg\",\"width\":460,\"height\":100,\"caption\":\"Baubedarf &amp; Werkzeuge online kaufen\"},\"image\":{\"@id\":\"https:\\\/\\\/www.baunor.com\\\/#\\\/schema\\\/logo\\\/image\\\/\"}}]}<\/script>\n<!-- \/ Yoast SEO plugin. -->","yoast_head_json":{"title":"Super-Preis Ansell Handschuh HyFlex 11-518, Gr\u00f6\u00dfe 6 - Baubedarf &amp; Werkzeuge online kaufen","robots":{"index":"index","follow":"follow","max-snippet":"max-snippet:-1","max-image-preview":"max-image-preview:large","max-video-preview":"max-video-preview:-1"},"canonical":"https:\/\/www.baunor.com\/index.php\/produkt\/super-preis-ansell-handschuh-hyflex-11-518-grosse-6-88177\/","og_locale":"de_DE","og_type":"article","og_title":"Super-Preis Ansell Handschuh HyFlex 11-518, Gr\u00f6\u00dfe 6 - Baubedarf &amp; Werkzeuge online kaufen","og_description":"Ansell Handschuh HyFlex 11-518, Gr\u00f6\u00dfe 6 Produktmerkmale Verpackungseinheit 12 Paar Abmessungen Gr\u00f6\u00dfe 6 L\u00e4nge 210-265 mm Material und Farbe Material Beschichtung: Polyurethan, Tr\u00e4ger: Spandex\/Nylon, Dyneema\u00ae-Diamond-Technologie Farbe blau Gauge 18 Normen und Standards Zulassung\/Norm EN 388:2016, EN 420:2003 + A1:2009 Merkmale Montagehandschuh &#8222;HyFlex\u00ae 11-518&#8220; Sehr leichtes, weiches Material Atmungsaktiv Gestrickt Innenhand beschichtet Anwendungsbereiche Endmontage, Handhabung und [&hellip;]","og_url":"https:\/\/www.baunor.com\/index.php\/produkt\/super-preis-ansell-handschuh-hyflex-11-518-grosse-6-88177\/","og_site_name":"Baubedarf &amp; Werkzeuge online kaufen","og_image":[{"width":645,"height":800,"url":"https:\/\/www.baunor.com\/wp-content\/uploads\/2026\/SK0025412-DE20260408-083406-0-1775608450-ansell_2021_freisteller_handschuh-hyflex-11-518-groesse-6.j.webp","type":"image\/webp"}],"twitter_card":"summary_large_image","schema":{"@context":"https:\/\/schema.org","@graph":[{"@type":"WebPage","@id":"https:\/\/www.baunor.com\/index.php\/produkt\/super-preis-ansell-handschuh-hyflex-11-518-grosse-6-88177\/","url":"https:\/\/www.baunor.com\/index.php\/produkt\/super-preis-ansell-handschuh-hyflex-11-518-grosse-6-88177\/","name":"Super-Preis Ansell Handschuh HyFlex 11-518, Gr\u00f6\u00dfe 6 - Baubedarf &amp; Werkzeuge online kaufen","isPartOf":{"@id":"https:\/\/www.baunor.com\/#website"},"primaryImageOfPage":{"@id":"https:\/\/www.baunor.com\/index.php\/produkt\/super-preis-ansell-handschuh-hyflex-11-518-grosse-6-88177\/#primaryimage"},"image":{"@id":"https:\/\/www.baunor.com\/index.php\/produkt\/super-preis-ansell-handschuh-hyflex-11-518-grosse-6-88177\/#primaryimage"},"thumbnailUrl":"https:\/\/www.baunor.com\/wp-content\/uploads\/2026\/SK0025412-DE20260408-083406-0-1775608450-ansell_2021_freisteller_handschuh-hyflex-11-518-groesse-6.j.webp","datePublished":"2026-04-17T10:38:39+00:00","breadcrumb":{"@id":"https:\/\/www.baunor.com\/index.php\/produkt\/super-preis-ansell-handschuh-hyflex-11-518-grosse-6-88177\/#breadcrumb"},"inLanguage":"de","potentialAction":[{"@type":"ReadAction","target":["https:\/\/www.baunor.com\/index.php\/produkt\/super-preis-ansell-handschuh-hyflex-11-518-grosse-6-88177\/"]}]},{"@type":"ImageObject","inLanguage":"de","@id":"https:\/\/www.baunor.com\/index.php\/produkt\/super-preis-ansell-handschuh-hyflex-11-518-grosse-6-88177\/#primaryimage","url":"https:\/\/www.baunor.com\/wp-content\/uploads\/2026\/SK0025412-DE20260408-083406-0-1775608450-ansell_2021_freisteller_handschuh-hyflex-11-518-groesse-6.j.webp","contentUrl":"https:\/\/www.baunor.com\/wp-content\/uploads\/2026\/SK0025412-DE20260408-083406-0-1775608450-ansell_2021_freisteller_handschuh-hyflex-11-518-groesse-6.j.webp","width":645,"height":800},{"@type":"BreadcrumbList","@id":"https:\/\/www.baunor.com\/index.php\/produkt\/super-preis-ansell-handschuh-hyflex-11-518-grosse-6-88177\/#breadcrumb","itemListElement":[{"@type":"ListItem","position":1,"name":"Home","item":"https:\/\/www.baunor.com\/"},{"@type":"ListItem","position":2,"name":"Take Your Adventure To The Next Level","item":"https:\/\/www.baunor.com\/index.php\/shop-2\/"},{"@type":"ListItem","position":3,"name":"Super-Preis Ansell Handschuh HyFlex 11-518, Gr\u00f6\u00dfe 6"}]},{"@type":"WebSite","@id":"https:\/\/www.baunor.com\/#website","url":"https:\/\/www.baunor.com\/","name":"Baubedarf &amp; Werkzeuge online kaufen","description":"Baubedarf &amp; Werkzeuge online kaufen","publisher":{"@id":"https:\/\/www.baunor.com\/#organization"},"potentialAction":[{"@type":"SearchAction","target":{"@type":"EntryPoint","urlTemplate":"https:\/\/www.baunor.com\/?s={search_term_string}"},"query-input":{"@type":"PropertyValueSpecification","valueRequired":true,"valueName":"search_term_string"}}],"inLanguage":"de"},{"@type":"Organization","@id":"https:\/\/www.baunor.com\/#organization","name":"Baubedarf &amp; Werkzeuge online kaufen","url":"https:\/\/www.baunor.com\/","logo":{"@type":"ImageObject","inLanguage":"de","@id":"https:\/\/www.baunor.com\/#\/schema\/logo\/image\/","url":"https:\/\/www.baunor.com\/wp-content\/uploads\/2026\/04\/baunor_logo_460x100_v2.svg","contentUrl":"https:\/\/www.baunor.com\/wp-content\/uploads\/2026\/04\/baunor_logo_460x100_v2.svg","width":460,"height":100,"caption":"Baubedarf &amp; Werkzeuge online kaufen"},"image":{"@id":"https:\/\/www.baunor.com\/#\/schema\/logo\/image\/"}}]}},"_links":{"self":[{"href":"https:\/\/www.baunor.com\/wp-json\/wp\/v2\/product\/88177","targetHints":{"allow":["GET"]}}],"collection":[{"href":"https:\/\/www.baunor.com\/wp-json\/wp\/v2\/product"}],"about":[{"href":"https:\/\/www.baunor.com\/wp-json\/wp\/v2\/types\/product"}],"wp:featuredmedia":[{"embeddable":true,"href":"https:\/\/www.baunor.com\/wp-json\/wp\/v2\/media\/88277"}],"wp:attachment":[{"href":"https:\/\/www.baunor.com\/wp-json\/wp\/v2\/media?parent=88177"}],"wp:term":[{"taxonomy":"product_brand","embeddable":true,"href":"https:\/\/www.baunor.com\/wp-json\/wp\/v2\/product_brand?post=88177"},{"taxonomy":"product_cat","embeddable":true,"href":"https:\/\/www.baunor.com\/wp-json\/wp\/v2\/product_cat?post=88177"},{"taxonomy":"product_tag","embeddable":true,"href":"https:\/\/www.baunor.com\/wp-json\/wp\/v2\/product_tag?post=88177"}],"curies":[{"name":"wp","href":"https:\/\/api.w.org\/{rel}","templated":true}]}}