{"id":88174,"date":"2026-04-17T10:38:39","date_gmt":"2026-04-17T10:38:39","guid":{"rendered":""},"modified":"2026-04-17T10:38:39","modified_gmt":"2026-04-17T10:38:39","slug":"gedore-red-r62551410-schraubendrehereinsatz-1-2-quot-14-mm-lange-55-mm-bestseller-88174","status":"publish","type":"product","link":"https:\/\/www.baunor.com\/produkt\/gedore-red-r62551410-schraubendrehereinsatz-1-2-quot-14-mm-lange-55-mm-bestseller-88174\/","title":{"rendered":"Gedore Red R62551410 Schraubendrehereinsatz 1\/2&quot; 14 mm L\u00e4nge 55 mm Bestseller"},"content":{"rendered":"<h2 class=\"product-detail-description-title fs-4 mb-0\">        Gedore Red R62551410 Schraubendrehereinsatz 1\/2&quot; 14 mm L\u00e4nge 55 mm    <\/h2>\n<div class=\"product-detail-description-text\"         itemprop=\"description\">\n<div class=\"product--description\">\n<div class=\"product-information-name product-information-name-big\">Produktmerkmale<\/div>\n<div class=\"product-information-name\">Gewicht<\/div>\n<div class=\"product-information-value\">0,136 kg<\/div>\n<div class=\"product-information-name\">Setinhalt<\/div>\n<div class=\"product-information-value\">1 tlg.<\/div>\n<div class=\"product-information-name product-information-name-big\">Abmessungen<\/div>\n<div class=\"product-information-name\">Schl\u00fcsselweite<\/div>\n<div class=\"product-information-value\">14 mm<\/div>\n<div class=\"product-information-name\">Gesamtbreite<\/div>\n<div class=\"product-information-value\">24 mm<\/div>\n<div class=\"product-information-name\">Gesamtl\u00e4nge<\/div>\n<div class=\"product-information-value\">55 mm<\/div>\n<div class=\"product-information-name\">Gesamth\u00f6he<\/div>\n<div class=\"product-information-value\">24 mm<\/div>\n<div class=\"product-information-name\">Einsatz-Durchmesser Antrieb<\/div>\n<div class=\"product-information-value\">24 mm<\/div>\n<div class=\"product-information-name\">Spitzenl\u00e4nge<\/div>\n<div class=\"product-information-value\">17 mm<\/div>\n<div class=\"product-information-name product-information-name-big\">Antrieb und Aufnahme<\/div>\n<div class=\"product-information-name\">Antriebsaufnahme Vierkant<\/div>\n<div class=\"product-information-value\">12,5 mm<\/div>\n<div class=\"product-information-name\">Antriebsaufnahme Vierkant (Zoll)<\/div>\n<div class=\"product-information-value\">1\/2&#8243;<\/div>\n<div class=\"product-information-name product-information-name-big\">Normen und Standards<\/div>\n<div class=\"product-information-name\">VDE gepr\u00fcft<\/div>\n<div class=\"product-information-value\">nein<\/div>\n<div class=\"product-information-name product-information-name-big\">Eigenschaften<\/div>\n<div class=\"product-information-name\">Sicherung<\/div>\n<div class=\"product-information-value\">Kugelfangrille<\/div>\n<div class=\"product-information-name product-information-name-big\">Merkmale<\/div>\n<div class=\"product-information-value product-information-value-big\">\n<ul>\n<li>Mit eingepresstem, phosphatierten Stift<\/li>\n<li>Handbet\u00e4tigt mit griffiger L\u00e4ngsr\u00e4ndelung<\/li>\n<li>Antriebsseite gl\u00e4nzend poliert<\/li>\n<li>Ausf\u00fchrung nach DIN 7422<\/li>\n<li>Innenvierkantantrieb nach DIN 3120 &#8211; C 12,5, ISO 1174, mit Kugelfangrille<\/li>\n<li>Chrom-Vanadium-Stahl<\/li>\n<\/ul>\n<\/div><\/div>\n<\/p><\/div>\n<\/p><\/div>\n<\/p><\/div>\n<\/p><\/div>\n","protected":false},"excerpt":{"rendered":"<p>Gedore Red R62551410 Schraubendrehereinsatz 1\/2&quot; 14 mm L\u00e4nge 55 mm Produktmerkmale Gewicht 0,136 kg Setinhalt 1 tlg. Abmessungen Schl\u00fcsselweite 14 mm Gesamtbreite 24 mm Gesamtl\u00e4nge 55 mm Gesamth\u00f6he 24 mm Einsatz-Durchmesser Antrieb 24 mm Spitzenl\u00e4nge 17 mm Antrieb und Aufnahme Antriebsaufnahme Vierkant 12,5 mm Antriebsaufnahme Vierkant (Zoll) 1\/2&#8243; Normen und Standards VDE gepr\u00fcft nein Eigenschaften [&hellip;]<\/p>\n","protected":false},"featured_media":88274,"template":"","meta":[],"product_brand":[],"product_cat":[79],"product_tag":[],"class_list":{"0":"post-88174","1":"product","2":"type-product","3":"status-publish","4":"has-post-thumbnail","6":"product_cat-werkstatt","8":"first","9":"instock","10":"sale","11":"shipping-taxable","12":"purchasable","13":"product-type-simple"},"yoast_head":"<!-- This site is optimized with the Yoast SEO plugin v27.3 - https:\/\/yoast.com\/product\/yoast-seo-wordpress\/ -->\n<title>Gedore Red R62551410 Schraubendrehereinsatz 1\/2&quot; 14 mm L\u00e4nge 55 mm Bestseller - Baubedarf &amp; Werkzeuge online kaufen<\/title>\n<meta name=\"robots\" content=\"index, follow, max-snippet:-1, max-image-preview:large, max-video-preview:-1\" \/>\n<link rel=\"canonical\" href=\"https:\/\/www.baunor.com\/index.php\/produkt\/gedore-red-r62551410-schraubendrehereinsatz-1-2-quot-14-mm-lange-55-mm-bestseller-88174\/\" \/>\n<meta property=\"og:locale\" content=\"de_DE\" \/>\n<meta property=\"og:type\" content=\"article\" \/>\n<meta property=\"og:title\" content=\"Gedore Red R62551410 Schraubendrehereinsatz 1\/2&quot; 14 mm L\u00e4nge 55 mm Bestseller - Baubedarf &amp; Werkzeuge online kaufen\" \/>\n<meta property=\"og:description\" content=\"Gedore Red R62551410 Schraubendrehereinsatz 1\/2&quot; 14 mm L\u00e4nge 55 mm Produktmerkmale Gewicht 0,136 kg Setinhalt 1 tlg. Abmessungen Schl\u00fcsselweite 14 mm Gesamtbreite 24 mm Gesamtl\u00e4nge 55 mm Gesamth\u00f6he 24 mm Einsatz-Durchmesser Antrieb 24 mm Spitzenl\u00e4nge 17 mm Antrieb und Aufnahme Antriebsaufnahme Vierkant 12,5 mm Antriebsaufnahme Vierkant (Zoll) 1\/2&#8243; Normen und Standards VDE gepr\u00fcft nein Eigenschaften [&hellip;]\" \/>\n<meta property=\"og:url\" content=\"https:\/\/www.baunor.com\/index.php\/produkt\/gedore-red-r62551410-schraubendrehereinsatz-1-2-quot-14-mm-lange-55-mm-bestseller-88174\/\" \/>\n<meta property=\"og:site_name\" content=\"Baubedarf &amp; Werkzeuge online kaufen\" \/>\n<meta property=\"og:image\" content=\"https:\/\/www.baunor.com\/wp-content\/uploads\/2026\/SK0025409-DE20260408-083406-0-1775608450-gedore_2024_freisteller_2021_07_19_4060833003674_ecom_rcpid.webp\" \/>\n\t<meta property=\"og:image:width\" content=\"275\" \/>\n\t<meta property=\"og:image:height\" content=\"800\" \/>\n\t<meta property=\"og:image:type\" content=\"image\/webp\" \/>\n<meta name=\"twitter:card\" content=\"summary_large_image\" \/>\n<script type=\"application\/ld+json\" class=\"yoast-schema-graph\">{\"@context\":\"https:\\\/\\\/schema.org\",\"@graph\":[{\"@type\":\"WebPage\",\"@id\":\"https:\\\/\\\/www.baunor.com\\\/index.php\\\/produkt\\\/gedore-red-r62551410-schraubendrehereinsatz-1-2-quot-14-mm-lange-55-mm-bestseller-88174\\\/\",\"url\":\"https:\\\/\\\/www.baunor.com\\\/index.php\\\/produkt\\\/gedore-red-r62551410-schraubendrehereinsatz-1-2-quot-14-mm-lange-55-mm-bestseller-88174\\\/\",\"name\":\"Gedore Red R62551410 Schraubendrehereinsatz 1\\\/2&quot; 14 mm L\u00e4nge 55 mm Bestseller - Baubedarf &amp; Werkzeuge online kaufen\",\"isPartOf\":{\"@id\":\"https:\\\/\\\/www.baunor.com\\\/#website\"},\"primaryImageOfPage\":{\"@id\":\"https:\\\/\\\/www.baunor.com\\\/index.php\\\/produkt\\\/gedore-red-r62551410-schraubendrehereinsatz-1-2-quot-14-mm-lange-55-mm-bestseller-88174\\\/#primaryimage\"},\"image\":{\"@id\":\"https:\\\/\\\/www.baunor.com\\\/index.php\\\/produkt\\\/gedore-red-r62551410-schraubendrehereinsatz-1-2-quot-14-mm-lange-55-mm-bestseller-88174\\\/#primaryimage\"},\"thumbnailUrl\":\"https:\\\/\\\/www.baunor.com\\\/wp-content\\\/uploads\\\/2026\\\/SK0025409-DE20260408-083406-0-1775608450-gedore_2024_freisteller_2021_07_19_4060833003674_ecom_rcpid.webp\",\"datePublished\":\"2026-04-17T10:38:39+00:00\",\"breadcrumb\":{\"@id\":\"https:\\\/\\\/www.baunor.com\\\/index.php\\\/produkt\\\/gedore-red-r62551410-schraubendrehereinsatz-1-2-quot-14-mm-lange-55-mm-bestseller-88174\\\/#breadcrumb\"},\"inLanguage\":\"de\",\"potentialAction\":[{\"@type\":\"ReadAction\",\"target\":[\"https:\\\/\\\/www.baunor.com\\\/index.php\\\/produkt\\\/gedore-red-r62551410-schraubendrehereinsatz-1-2-quot-14-mm-lange-55-mm-bestseller-88174\\\/\"]}]},{\"@type\":\"ImageObject\",\"inLanguage\":\"de\",\"@id\":\"https:\\\/\\\/www.baunor.com\\\/index.php\\\/produkt\\\/gedore-red-r62551410-schraubendrehereinsatz-1-2-quot-14-mm-lange-55-mm-bestseller-88174\\\/#primaryimage\",\"url\":\"https:\\\/\\\/www.baunor.com\\\/wp-content\\\/uploads\\\/2026\\\/SK0025409-DE20260408-083406-0-1775608450-gedore_2024_freisteller_2021_07_19_4060833003674_ecom_rcpid.webp\",\"contentUrl\":\"https:\\\/\\\/www.baunor.com\\\/wp-content\\\/uploads\\\/2026\\\/SK0025409-DE20260408-083406-0-1775608450-gedore_2024_freisteller_2021_07_19_4060833003674_ecom_rcpid.webp\",\"width\":275,\"height\":800},{\"@type\":\"BreadcrumbList\",\"@id\":\"https:\\\/\\\/www.baunor.com\\\/index.php\\\/produkt\\\/gedore-red-r62551410-schraubendrehereinsatz-1-2-quot-14-mm-lange-55-mm-bestseller-88174\\\/#breadcrumb\",\"itemListElement\":[{\"@type\":\"ListItem\",\"position\":1,\"name\":\"Home\",\"item\":\"https:\\\/\\\/www.baunor.com\\\/\"},{\"@type\":\"ListItem\",\"position\":2,\"name\":\"Take Your Adventure To The Next Level\",\"item\":\"https:\\\/\\\/www.baunor.com\\\/index.php\\\/shop-2\\\/\"},{\"@type\":\"ListItem\",\"position\":3,\"name\":\"Gedore Red R62551410 Schraubendrehereinsatz 1\\\/2&quot; 14 mm L\u00e4nge 55 mm Bestseller\"}]},{\"@type\":\"WebSite\",\"@id\":\"https:\\\/\\\/www.baunor.com\\\/#website\",\"url\":\"https:\\\/\\\/www.baunor.com\\\/\",\"name\":\"Baubedarf &amp; Werkzeuge online kaufen\",\"description\":\"Baubedarf &amp; Werkzeuge online kaufen\",\"publisher\":{\"@id\":\"https:\\\/\\\/www.baunor.com\\\/#organization\"},\"potentialAction\":[{\"@type\":\"SearchAction\",\"target\":{\"@type\":\"EntryPoint\",\"urlTemplate\":\"https:\\\/\\\/www.baunor.com\\\/?s={search_term_string}\"},\"query-input\":{\"@type\":\"PropertyValueSpecification\",\"valueRequired\":true,\"valueName\":\"search_term_string\"}}],\"inLanguage\":\"de\"},{\"@type\":\"Organization\",\"@id\":\"https:\\\/\\\/www.baunor.com\\\/#organization\",\"name\":\"Baubedarf &amp; Werkzeuge online kaufen\",\"url\":\"https:\\\/\\\/www.baunor.com\\\/\",\"logo\":{\"@type\":\"ImageObject\",\"inLanguage\":\"de\",\"@id\":\"https:\\\/\\\/www.baunor.com\\\/#\\\/schema\\\/logo\\\/image\\\/\",\"url\":\"https:\\\/\\\/www.baunor.com\\\/wp-content\\\/uploads\\\/2026\\\/04\\\/baunor_logo_460x100_v2.svg\",\"contentUrl\":\"https:\\\/\\\/www.baunor.com\\\/wp-content\\\/uploads\\\/2026\\\/04\\\/baunor_logo_460x100_v2.svg\",\"width\":460,\"height\":100,\"caption\":\"Baubedarf &amp; Werkzeuge online kaufen\"},\"image\":{\"@id\":\"https:\\\/\\\/www.baunor.com\\\/#\\\/schema\\\/logo\\\/image\\\/\"}}]}<\/script>\n<!-- \/ Yoast SEO plugin. -->","yoast_head_json":{"title":"Gedore Red R62551410 Schraubendrehereinsatz 1\/2&quot; 14 mm L\u00e4nge 55 mm Bestseller - Baubedarf &amp; Werkzeuge online kaufen","robots":{"index":"index","follow":"follow","max-snippet":"max-snippet:-1","max-image-preview":"max-image-preview:large","max-video-preview":"max-video-preview:-1"},"canonical":"https:\/\/www.baunor.com\/index.php\/produkt\/gedore-red-r62551410-schraubendrehereinsatz-1-2-quot-14-mm-lange-55-mm-bestseller-88174\/","og_locale":"de_DE","og_type":"article","og_title":"Gedore Red R62551410 Schraubendrehereinsatz 1\/2&quot; 14 mm L\u00e4nge 55 mm Bestseller - Baubedarf &amp; Werkzeuge online kaufen","og_description":"Gedore Red R62551410 Schraubendrehereinsatz 1\/2&quot; 14 mm L\u00e4nge 55 mm Produktmerkmale Gewicht 0,136 kg Setinhalt 1 tlg. Abmessungen Schl\u00fcsselweite 14 mm Gesamtbreite 24 mm Gesamtl\u00e4nge 55 mm Gesamth\u00f6he 24 mm Einsatz-Durchmesser Antrieb 24 mm Spitzenl\u00e4nge 17 mm Antrieb und Aufnahme Antriebsaufnahme Vierkant 12,5 mm Antriebsaufnahme Vierkant (Zoll) 1\/2&#8243; Normen und Standards VDE gepr\u00fcft nein Eigenschaften [&hellip;]","og_url":"https:\/\/www.baunor.com\/index.php\/produkt\/gedore-red-r62551410-schraubendrehereinsatz-1-2-quot-14-mm-lange-55-mm-bestseller-88174\/","og_site_name":"Baubedarf &amp; Werkzeuge online kaufen","og_image":[{"width":275,"height":800,"url":"https:\/\/www.baunor.com\/wp-content\/uploads\/2026\/SK0025409-DE20260408-083406-0-1775608450-gedore_2024_freisteller_2021_07_19_4060833003674_ecom_rcpid.webp","type":"image\/webp"}],"twitter_card":"summary_large_image","schema":{"@context":"https:\/\/schema.org","@graph":[{"@type":"WebPage","@id":"https:\/\/www.baunor.com\/index.php\/produkt\/gedore-red-r62551410-schraubendrehereinsatz-1-2-quot-14-mm-lange-55-mm-bestseller-88174\/","url":"https:\/\/www.baunor.com\/index.php\/produkt\/gedore-red-r62551410-schraubendrehereinsatz-1-2-quot-14-mm-lange-55-mm-bestseller-88174\/","name":"Gedore Red R62551410 Schraubendrehereinsatz 1\/2&quot; 14 mm L\u00e4nge 55 mm Bestseller - Baubedarf &amp; Werkzeuge online kaufen","isPartOf":{"@id":"https:\/\/www.baunor.com\/#website"},"primaryImageOfPage":{"@id":"https:\/\/www.baunor.com\/index.php\/produkt\/gedore-red-r62551410-schraubendrehereinsatz-1-2-quot-14-mm-lange-55-mm-bestseller-88174\/#primaryimage"},"image":{"@id":"https:\/\/www.baunor.com\/index.php\/produkt\/gedore-red-r62551410-schraubendrehereinsatz-1-2-quot-14-mm-lange-55-mm-bestseller-88174\/#primaryimage"},"thumbnailUrl":"https:\/\/www.baunor.com\/wp-content\/uploads\/2026\/SK0025409-DE20260408-083406-0-1775608450-gedore_2024_freisteller_2021_07_19_4060833003674_ecom_rcpid.webp","datePublished":"2026-04-17T10:38:39+00:00","breadcrumb":{"@id":"https:\/\/www.baunor.com\/index.php\/produkt\/gedore-red-r62551410-schraubendrehereinsatz-1-2-quot-14-mm-lange-55-mm-bestseller-88174\/#breadcrumb"},"inLanguage":"de","potentialAction":[{"@type":"ReadAction","target":["https:\/\/www.baunor.com\/index.php\/produkt\/gedore-red-r62551410-schraubendrehereinsatz-1-2-quot-14-mm-lange-55-mm-bestseller-88174\/"]}]},{"@type":"ImageObject","inLanguage":"de","@id":"https:\/\/www.baunor.com\/index.php\/produkt\/gedore-red-r62551410-schraubendrehereinsatz-1-2-quot-14-mm-lange-55-mm-bestseller-88174\/#primaryimage","url":"https:\/\/www.baunor.com\/wp-content\/uploads\/2026\/SK0025409-DE20260408-083406-0-1775608450-gedore_2024_freisteller_2021_07_19_4060833003674_ecom_rcpid.webp","contentUrl":"https:\/\/www.baunor.com\/wp-content\/uploads\/2026\/SK0025409-DE20260408-083406-0-1775608450-gedore_2024_freisteller_2021_07_19_4060833003674_ecom_rcpid.webp","width":275,"height":800},{"@type":"BreadcrumbList","@id":"https:\/\/www.baunor.com\/index.php\/produkt\/gedore-red-r62551410-schraubendrehereinsatz-1-2-quot-14-mm-lange-55-mm-bestseller-88174\/#breadcrumb","itemListElement":[{"@type":"ListItem","position":1,"name":"Home","item":"https:\/\/www.baunor.com\/"},{"@type":"ListItem","position":2,"name":"Take Your Adventure To The Next Level","item":"https:\/\/www.baunor.com\/index.php\/shop-2\/"},{"@type":"ListItem","position":3,"name":"Gedore Red R62551410 Schraubendrehereinsatz 1\/2&quot; 14 mm L\u00e4nge 55 mm Bestseller"}]},{"@type":"WebSite","@id":"https:\/\/www.baunor.com\/#website","url":"https:\/\/www.baunor.com\/","name":"Baubedarf &amp; Werkzeuge online kaufen","description":"Baubedarf &amp; Werkzeuge online kaufen","publisher":{"@id":"https:\/\/www.baunor.com\/#organization"},"potentialAction":[{"@type":"SearchAction","target":{"@type":"EntryPoint","urlTemplate":"https:\/\/www.baunor.com\/?s={search_term_string}"},"query-input":{"@type":"PropertyValueSpecification","valueRequired":true,"valueName":"search_term_string"}}],"inLanguage":"de"},{"@type":"Organization","@id":"https:\/\/www.baunor.com\/#organization","name":"Baubedarf &amp; Werkzeuge online kaufen","url":"https:\/\/www.baunor.com\/","logo":{"@type":"ImageObject","inLanguage":"de","@id":"https:\/\/www.baunor.com\/#\/schema\/logo\/image\/","url":"https:\/\/www.baunor.com\/wp-content\/uploads\/2026\/04\/baunor_logo_460x100_v2.svg","contentUrl":"https:\/\/www.baunor.com\/wp-content\/uploads\/2026\/04\/baunor_logo_460x100_v2.svg","width":460,"height":100,"caption":"Baubedarf &amp; Werkzeuge online kaufen"},"image":{"@id":"https:\/\/www.baunor.com\/#\/schema\/logo\/image\/"}}]}},"_links":{"self":[{"href":"https:\/\/www.baunor.com\/wp-json\/wp\/v2\/product\/88174","targetHints":{"allow":["GET"]}}],"collection":[{"href":"https:\/\/www.baunor.com\/wp-json\/wp\/v2\/product"}],"about":[{"href":"https:\/\/www.baunor.com\/wp-json\/wp\/v2\/types\/product"}],"wp:featuredmedia":[{"embeddable":true,"href":"https:\/\/www.baunor.com\/wp-json\/wp\/v2\/media\/88274"}],"wp:attachment":[{"href":"https:\/\/www.baunor.com\/wp-json\/wp\/v2\/media?parent=88174"}],"wp:term":[{"taxonomy":"product_brand","embeddable":true,"href":"https:\/\/www.baunor.com\/wp-json\/wp\/v2\/product_brand?post=88174"},{"taxonomy":"product_cat","embeddable":true,"href":"https:\/\/www.baunor.com\/wp-json\/wp\/v2\/product_cat?post=88174"},{"taxonomy":"product_tag","embeddable":true,"href":"https:\/\/www.baunor.com\/wp-json\/wp\/v2\/product_tag?post=88174"}],"curies":[{"name":"wp","href":"https:\/\/api.w.org\/{rel}","templated":true}]}}