{"id":88173,"date":"2026-04-17T10:38:39","date_gmt":"2026-04-17T10:38:39","guid":{"rendered":""},"modified":"2026-04-17T10:38:39","modified_gmt":"2026-04-17T10:38:39","slug":"bosch-professional-beheizbarer-akku-hoodie-ghh-12-18v-xa-grosse-3xl-mit-1x-akku-2-ah-gepruft-88173","status":"publish","type":"product","link":"https:\/\/www.baunor.com\/produkt\/bosch-professional-beheizbarer-akku-hoodie-ghh-12-18v-xa-grosse-3xl-mit-1x-akku-2-ah-gepruft-88173\/","title":{"rendered":"Bosch Professional Beheizbarer Akku-Hoodie GHH 12+18V XA, Gr\u00f6\u00dfe 3XL, mit 1x Akku 2 Ah Gepr\u00fcft"},"content":{"rendered":"<h2 class=\"product-detail-description-title fs-4 mb-0\">        Bosch Professional Beheizbarer Akku-Hoodie GHH 12+18V XA, Gr\u00f6\u00dfe 3XL, mit 1x Akku 2 Ah    <\/h2>\n<div class=\"product-detail-description-text\"         itemprop=\"description\">\n<div class=\"product--description\">\n<div class=\"product-information-name product-information-name-big\">Produktmerkmale<\/div>\n<div class=\"product-information-name\">Serie<\/div>\n<div class=\"product-information-value\">GHH \/ Professional<\/div>\n<div class=\"product-information-name product-information-name-big\">Abmessungen<\/div>\n<div class=\"product-information-name\">Gr\u00f6\u00dfe<\/div>\n<div class=\"product-information-value\">XXXL<\/div>\n<div class=\"product-information-name product-information-name-big\">Material und Farbe<\/div>\n<div class=\"product-information-name\">Farbe<\/div>\n<div class=\"product-information-value\">Schwarz<\/div>\n<div class=\"product-information-name\">Gewebemischung<\/div>\n<div class=\"product-information-value\">Futter: 100 % Polyester \/ Obermaterial: 95 % Polyester, 5 % Spandex<\/div>\n<div class=\"product-information-name product-information-name-big\">Akku<\/div>\n<div class=\"product-information-name\">Spannung des Akkupacks<\/div>\n<div class=\"product-information-value\">12 V<\/div>\n<div class=\"product-information-name product-information-name-big\">Merkmale<\/div>\n<div class=\"product-information-value product-information-value-big\">Ausgezeichnete Midlayer-W\u00e4rme f\u00fcr kalte Tage &#8211; Boschs beheizter Hoodie<\/div>\n<div class=\"product-information-name product-information-name-big\">Ihre Vorteile<\/div>\n<div class=\"product-information-value product-information-value-big\">\n<ul>\n<li>Perfekter Midlayer-Artikel, der trotz kalter Temperaturen und schlechtem Wetter warmh\u00e4lt<\/li>\n<li>Drei-Zonen-Beheizung und drei Heizstufen f\u00fcr perfekt verteilte, dauerhafte W\u00e4rme<\/li>\n<li>Einfaches Laden USB-betriebener Ger\u00e4te \u00fcber den integrierten Port am Akku-Adapter<\/li>\n<\/ul>\n<\/div>\n<div class=\"product-information-name product-information-name-big\">Lieferumfang<\/div>\n<div class=\"product-information-value product-information-value-big\">\n<ul>\n<li>Akkuadapter GAA 12V-21 Professional (0 618 800 079)<\/li>\n<li>Ladeger\u00e4t GAL 12V-20 Professional<\/li>\n<li>1 x Akku GBA 12V 2,0Ah (1 600 Z00 02X)<\/li>\n<\/ul>\n<\/div>\n<div class=\"product-information-name product-information-name-big\">Beschreibung<\/div>\n<div class=\"product-information-value product-information-value-big longDescription\">\n<p>Der beheizte Hoodie GHH 12+18V XA ist die perfekte Midlayer-Option gegen kalte Temperaturen und schlechtes Wetter. Kombiniert mit einer d\u00fcnnen, wind- und wasserabweisenden Jacke ist er alles, was man braucht, um bei jeder Arbeit warm zu bleiben. Das Wetter ist immer unberechenbar, aber mit der perfekten W\u00e4rmeverteilung dank seiner drei Heizzonen h\u00e4lt dieser Hoodie den Oberk\u00f6rper den ganzen Tag lang warm. Die drei Heizstufen, versorgt \u00fcber Boschs 12-Volt-Akkus, garantieren dauerhafte W\u00e4rme. Der integrierte Port im Akku-Adapter erm\u00f6glicht spielend leichtes Laden USB-betriebener Ger\u00e4te und bietet somit noch mehr Komfort. Die Versorgung der Heizpads des Hoodies erfolgt \u00fcber den Ladeadapter GAA 12V-21 (im Lieferumfang enthalten) und einen 12-Volt-Akku von Bosch, oder optional \u00fcber den Ladeadapter GAA 18V-48 und den 18-Volt-Akku von Bosch (nicht im Lieferumfang enthalten).<\/p>\n<\/div><\/div>\n<\/p><\/div>\n<\/p><\/div>\n<\/p><\/div>\n<\/p><\/div>\n","protected":false},"excerpt":{"rendered":"<p>Bosch Professional Beheizbarer Akku-Hoodie GHH 12+18V XA, Gr\u00f6\u00dfe 3XL, mit 1x Akku 2 Ah Produktmerkmale Serie GHH \/ Professional Abmessungen Gr\u00f6\u00dfe XXXL Material und Farbe Farbe Schwarz Gewebemischung Futter: 100 % Polyester \/ Obermaterial: 95 % Polyester, 5 % Spandex Akku Spannung des Akkupacks 12 V Merkmale Ausgezeichnete Midlayer-W\u00e4rme f\u00fcr kalte Tage &#8211; Boschs beheizter [&hellip;]<\/p>\n","protected":false},"featured_media":88273,"template":"","meta":[],"product_brand":[],"product_cat":[79],"product_tag":[],"class_list":{"0":"post-88173","1":"product","2":"type-product","3":"status-publish","4":"has-post-thumbnail","6":"product_cat-werkstatt","8":"first","9":"instock","10":"sale","11":"shipping-taxable","12":"purchasable","13":"product-type-simple"},"yoast_head":"<!-- This site is optimized with the Yoast SEO plugin v27.3 - https:\/\/yoast.com\/product\/yoast-seo-wordpress\/ -->\n<title>Bosch Professional Beheizbarer Akku-Hoodie GHH 12+18V XA, Gr\u00f6\u00dfe 3XL, mit 1x Akku 2 Ah Gepr\u00fcft - Baubedarf &amp; Werkzeuge online kaufen<\/title>\n<meta name=\"robots\" content=\"index, follow, max-snippet:-1, max-image-preview:large, max-video-preview:-1\" \/>\n<link rel=\"canonical\" href=\"https:\/\/www.baunor.com\/index.php\/produkt\/bosch-professional-beheizbarer-akku-hoodie-ghh-12-18v-xa-grosse-3xl-mit-1x-akku-2-ah-gepruft-88173\/\" \/>\n<meta property=\"og:locale\" content=\"de_DE\" \/>\n<meta property=\"og:type\" content=\"article\" \/>\n<meta property=\"og:title\" content=\"Bosch Professional Beheizbarer Akku-Hoodie GHH 12+18V XA, Gr\u00f6\u00dfe 3XL, mit 1x Akku 2 Ah Gepr\u00fcft - Baubedarf &amp; Werkzeuge online kaufen\" \/>\n<meta property=\"og:description\" content=\"Bosch Professional Beheizbarer Akku-Hoodie GHH 12+18V XA, Gr\u00f6\u00dfe 3XL, mit 1x Akku 2 Ah Produktmerkmale Serie GHH \/ Professional Abmessungen Gr\u00f6\u00dfe XXXL Material und Farbe Farbe Schwarz Gewebemischung Futter: 100 % Polyester \/ Obermaterial: 95 % Polyester, 5 % Spandex Akku Spannung des Akkupacks 12 V Merkmale Ausgezeichnete Midlayer-W\u00e4rme f\u00fcr kalte Tage &#8211; Boschs beheizter [&hellip;]\" \/>\n<meta property=\"og:url\" content=\"https:\/\/www.baunor.com\/index.php\/produkt\/bosch-professional-beheizbarer-akku-hoodie-ghh-12-18v-xa-grosse-3xl-mit-1x-akku-2-ah-gepruft-88173\/\" \/>\n<meta property=\"og:site_name\" content=\"Baubedarf &amp; Werkzeuge online kaufen\" \/>\n<meta property=\"og:image\" content=\"https:\/\/www.baunor.com\/wp-content\/uploads\/2026\/SK0025408-DE20260408-083406-0-1775608450-bosch_2022_freisteller_ghh-12-18v-xa-beheizbarer-pullover-g.webp\" \/>\n\t<meta property=\"og:image:width\" content=\"563\" \/>\n\t<meta property=\"og:image:height\" content=\"800\" \/>\n\t<meta property=\"og:image:type\" content=\"image\/webp\" \/>\n<meta name=\"twitter:card\" content=\"summary_large_image\" \/>\n<meta name=\"twitter:label1\" content=\"Gesch\u00e4tzte Lesezeit\" \/>\n\t<meta name=\"twitter:data1\" content=\"1\u00a0Minute\" \/>\n<script type=\"application\/ld+json\" class=\"yoast-schema-graph\">{\"@context\":\"https:\\\/\\\/schema.org\",\"@graph\":[{\"@type\":\"WebPage\",\"@id\":\"https:\\\/\\\/www.baunor.com\\\/index.php\\\/produkt\\\/bosch-professional-beheizbarer-akku-hoodie-ghh-12-18v-xa-grosse-3xl-mit-1x-akku-2-ah-gepruft-88173\\\/\",\"url\":\"https:\\\/\\\/www.baunor.com\\\/index.php\\\/produkt\\\/bosch-professional-beheizbarer-akku-hoodie-ghh-12-18v-xa-grosse-3xl-mit-1x-akku-2-ah-gepruft-88173\\\/\",\"name\":\"Bosch Professional Beheizbarer Akku-Hoodie GHH 12+18V XA, Gr\u00f6\u00dfe 3XL, mit 1x Akku 2 Ah Gepr\u00fcft - Baubedarf &amp; Werkzeuge online kaufen\",\"isPartOf\":{\"@id\":\"https:\\\/\\\/www.baunor.com\\\/#website\"},\"primaryImageOfPage\":{\"@id\":\"https:\\\/\\\/www.baunor.com\\\/index.php\\\/produkt\\\/bosch-professional-beheizbarer-akku-hoodie-ghh-12-18v-xa-grosse-3xl-mit-1x-akku-2-ah-gepruft-88173\\\/#primaryimage\"},\"image\":{\"@id\":\"https:\\\/\\\/www.baunor.com\\\/index.php\\\/produkt\\\/bosch-professional-beheizbarer-akku-hoodie-ghh-12-18v-xa-grosse-3xl-mit-1x-akku-2-ah-gepruft-88173\\\/#primaryimage\"},\"thumbnailUrl\":\"https:\\\/\\\/www.baunor.com\\\/wp-content\\\/uploads\\\/2026\\\/SK0025408-DE20260408-083406-0-1775608450-bosch_2022_freisteller_ghh-12-18v-xa-beheizbarer-pullover-g.webp\",\"datePublished\":\"2026-04-17T10:38:39+00:00\",\"breadcrumb\":{\"@id\":\"https:\\\/\\\/www.baunor.com\\\/index.php\\\/produkt\\\/bosch-professional-beheizbarer-akku-hoodie-ghh-12-18v-xa-grosse-3xl-mit-1x-akku-2-ah-gepruft-88173\\\/#breadcrumb\"},\"inLanguage\":\"de\",\"potentialAction\":[{\"@type\":\"ReadAction\",\"target\":[\"https:\\\/\\\/www.baunor.com\\\/index.php\\\/produkt\\\/bosch-professional-beheizbarer-akku-hoodie-ghh-12-18v-xa-grosse-3xl-mit-1x-akku-2-ah-gepruft-88173\\\/\"]}]},{\"@type\":\"ImageObject\",\"inLanguage\":\"de\",\"@id\":\"https:\\\/\\\/www.baunor.com\\\/index.php\\\/produkt\\\/bosch-professional-beheizbarer-akku-hoodie-ghh-12-18v-xa-grosse-3xl-mit-1x-akku-2-ah-gepruft-88173\\\/#primaryimage\",\"url\":\"https:\\\/\\\/www.baunor.com\\\/wp-content\\\/uploads\\\/2026\\\/SK0025408-DE20260408-083406-0-1775608450-bosch_2022_freisteller_ghh-12-18v-xa-beheizbarer-pullover-g.webp\",\"contentUrl\":\"https:\\\/\\\/www.baunor.com\\\/wp-content\\\/uploads\\\/2026\\\/SK0025408-DE20260408-083406-0-1775608450-bosch_2022_freisteller_ghh-12-18v-xa-beheizbarer-pullover-g.webp\",\"width\":563,\"height\":800},{\"@type\":\"BreadcrumbList\",\"@id\":\"https:\\\/\\\/www.baunor.com\\\/index.php\\\/produkt\\\/bosch-professional-beheizbarer-akku-hoodie-ghh-12-18v-xa-grosse-3xl-mit-1x-akku-2-ah-gepruft-88173\\\/#breadcrumb\",\"itemListElement\":[{\"@type\":\"ListItem\",\"position\":1,\"name\":\"Home\",\"item\":\"https:\\\/\\\/www.baunor.com\\\/\"},{\"@type\":\"ListItem\",\"position\":2,\"name\":\"Take Your Adventure To The Next Level\",\"item\":\"https:\\\/\\\/www.baunor.com\\\/index.php\\\/shop-2\\\/\"},{\"@type\":\"ListItem\",\"position\":3,\"name\":\"Bosch Professional Beheizbarer Akku-Hoodie GHH 12+18V XA, Gr\u00f6\u00dfe 3XL, mit 1x Akku 2 Ah Gepr\u00fcft\"}]},{\"@type\":\"WebSite\",\"@id\":\"https:\\\/\\\/www.baunor.com\\\/#website\",\"url\":\"https:\\\/\\\/www.baunor.com\\\/\",\"name\":\"Baubedarf &amp; Werkzeuge online kaufen\",\"description\":\"Baubedarf &amp; Werkzeuge online kaufen\",\"publisher\":{\"@id\":\"https:\\\/\\\/www.baunor.com\\\/#organization\"},\"potentialAction\":[{\"@type\":\"SearchAction\",\"target\":{\"@type\":\"EntryPoint\",\"urlTemplate\":\"https:\\\/\\\/www.baunor.com\\\/?s={search_term_string}\"},\"query-input\":{\"@type\":\"PropertyValueSpecification\",\"valueRequired\":true,\"valueName\":\"search_term_string\"}}],\"inLanguage\":\"de\"},{\"@type\":\"Organization\",\"@id\":\"https:\\\/\\\/www.baunor.com\\\/#organization\",\"name\":\"Baubedarf &amp; Werkzeuge online kaufen\",\"url\":\"https:\\\/\\\/www.baunor.com\\\/\",\"logo\":{\"@type\":\"ImageObject\",\"inLanguage\":\"de\",\"@id\":\"https:\\\/\\\/www.baunor.com\\\/#\\\/schema\\\/logo\\\/image\\\/\",\"url\":\"https:\\\/\\\/www.baunor.com\\\/wp-content\\\/uploads\\\/2026\\\/04\\\/baunor_logo_460x100_v2.svg\",\"contentUrl\":\"https:\\\/\\\/www.baunor.com\\\/wp-content\\\/uploads\\\/2026\\\/04\\\/baunor_logo_460x100_v2.svg\",\"width\":460,\"height\":100,\"caption\":\"Baubedarf &amp; Werkzeuge online kaufen\"},\"image\":{\"@id\":\"https:\\\/\\\/www.baunor.com\\\/#\\\/schema\\\/logo\\\/image\\\/\"}}]}<\/script>\n<!-- \/ Yoast SEO plugin. -->","yoast_head_json":{"title":"Bosch Professional Beheizbarer Akku-Hoodie GHH 12+18V XA, Gr\u00f6\u00dfe 3XL, mit 1x Akku 2 Ah Gepr\u00fcft - Baubedarf &amp; Werkzeuge online kaufen","robots":{"index":"index","follow":"follow","max-snippet":"max-snippet:-1","max-image-preview":"max-image-preview:large","max-video-preview":"max-video-preview:-1"},"canonical":"https:\/\/www.baunor.com\/index.php\/produkt\/bosch-professional-beheizbarer-akku-hoodie-ghh-12-18v-xa-grosse-3xl-mit-1x-akku-2-ah-gepruft-88173\/","og_locale":"de_DE","og_type":"article","og_title":"Bosch Professional Beheizbarer Akku-Hoodie GHH 12+18V XA, Gr\u00f6\u00dfe 3XL, mit 1x Akku 2 Ah Gepr\u00fcft - Baubedarf &amp; Werkzeuge online kaufen","og_description":"Bosch Professional Beheizbarer Akku-Hoodie GHH 12+18V XA, Gr\u00f6\u00dfe 3XL, mit 1x Akku 2 Ah Produktmerkmale Serie GHH \/ Professional Abmessungen Gr\u00f6\u00dfe XXXL Material und Farbe Farbe Schwarz Gewebemischung Futter: 100 % Polyester \/ Obermaterial: 95 % Polyester, 5 % Spandex Akku Spannung des Akkupacks 12 V Merkmale Ausgezeichnete Midlayer-W\u00e4rme f\u00fcr kalte Tage &#8211; Boschs beheizter [&hellip;]","og_url":"https:\/\/www.baunor.com\/index.php\/produkt\/bosch-professional-beheizbarer-akku-hoodie-ghh-12-18v-xa-grosse-3xl-mit-1x-akku-2-ah-gepruft-88173\/","og_site_name":"Baubedarf &amp; Werkzeuge online kaufen","og_image":[{"width":563,"height":800,"url":"https:\/\/www.baunor.com\/wp-content\/uploads\/2026\/SK0025408-DE20260408-083406-0-1775608450-bosch_2022_freisteller_ghh-12-18v-xa-beheizbarer-pullover-g.webp","type":"image\/webp"}],"twitter_card":"summary_large_image","twitter_misc":{"Gesch\u00e4tzte Lesezeit":"1\u00a0Minute"},"schema":{"@context":"https:\/\/schema.org","@graph":[{"@type":"WebPage","@id":"https:\/\/www.baunor.com\/index.php\/produkt\/bosch-professional-beheizbarer-akku-hoodie-ghh-12-18v-xa-grosse-3xl-mit-1x-akku-2-ah-gepruft-88173\/","url":"https:\/\/www.baunor.com\/index.php\/produkt\/bosch-professional-beheizbarer-akku-hoodie-ghh-12-18v-xa-grosse-3xl-mit-1x-akku-2-ah-gepruft-88173\/","name":"Bosch Professional Beheizbarer Akku-Hoodie GHH 12+18V XA, Gr\u00f6\u00dfe 3XL, mit 1x Akku 2 Ah Gepr\u00fcft - Baubedarf &amp; Werkzeuge online kaufen","isPartOf":{"@id":"https:\/\/www.baunor.com\/#website"},"primaryImageOfPage":{"@id":"https:\/\/www.baunor.com\/index.php\/produkt\/bosch-professional-beheizbarer-akku-hoodie-ghh-12-18v-xa-grosse-3xl-mit-1x-akku-2-ah-gepruft-88173\/#primaryimage"},"image":{"@id":"https:\/\/www.baunor.com\/index.php\/produkt\/bosch-professional-beheizbarer-akku-hoodie-ghh-12-18v-xa-grosse-3xl-mit-1x-akku-2-ah-gepruft-88173\/#primaryimage"},"thumbnailUrl":"https:\/\/www.baunor.com\/wp-content\/uploads\/2026\/SK0025408-DE20260408-083406-0-1775608450-bosch_2022_freisteller_ghh-12-18v-xa-beheizbarer-pullover-g.webp","datePublished":"2026-04-17T10:38:39+00:00","breadcrumb":{"@id":"https:\/\/www.baunor.com\/index.php\/produkt\/bosch-professional-beheizbarer-akku-hoodie-ghh-12-18v-xa-grosse-3xl-mit-1x-akku-2-ah-gepruft-88173\/#breadcrumb"},"inLanguage":"de","potentialAction":[{"@type":"ReadAction","target":["https:\/\/www.baunor.com\/index.php\/produkt\/bosch-professional-beheizbarer-akku-hoodie-ghh-12-18v-xa-grosse-3xl-mit-1x-akku-2-ah-gepruft-88173\/"]}]},{"@type":"ImageObject","inLanguage":"de","@id":"https:\/\/www.baunor.com\/index.php\/produkt\/bosch-professional-beheizbarer-akku-hoodie-ghh-12-18v-xa-grosse-3xl-mit-1x-akku-2-ah-gepruft-88173\/#primaryimage","url":"https:\/\/www.baunor.com\/wp-content\/uploads\/2026\/SK0025408-DE20260408-083406-0-1775608450-bosch_2022_freisteller_ghh-12-18v-xa-beheizbarer-pullover-g.webp","contentUrl":"https:\/\/www.baunor.com\/wp-content\/uploads\/2026\/SK0025408-DE20260408-083406-0-1775608450-bosch_2022_freisteller_ghh-12-18v-xa-beheizbarer-pullover-g.webp","width":563,"height":800},{"@type":"BreadcrumbList","@id":"https:\/\/www.baunor.com\/index.php\/produkt\/bosch-professional-beheizbarer-akku-hoodie-ghh-12-18v-xa-grosse-3xl-mit-1x-akku-2-ah-gepruft-88173\/#breadcrumb","itemListElement":[{"@type":"ListItem","position":1,"name":"Home","item":"https:\/\/www.baunor.com\/"},{"@type":"ListItem","position":2,"name":"Take Your Adventure To The Next Level","item":"https:\/\/www.baunor.com\/index.php\/shop-2\/"},{"@type":"ListItem","position":3,"name":"Bosch Professional Beheizbarer Akku-Hoodie GHH 12+18V XA, Gr\u00f6\u00dfe 3XL, mit 1x Akku 2 Ah Gepr\u00fcft"}]},{"@type":"WebSite","@id":"https:\/\/www.baunor.com\/#website","url":"https:\/\/www.baunor.com\/","name":"Baubedarf &amp; Werkzeuge online kaufen","description":"Baubedarf &amp; Werkzeuge online kaufen","publisher":{"@id":"https:\/\/www.baunor.com\/#organization"},"potentialAction":[{"@type":"SearchAction","target":{"@type":"EntryPoint","urlTemplate":"https:\/\/www.baunor.com\/?s={search_term_string}"},"query-input":{"@type":"PropertyValueSpecification","valueRequired":true,"valueName":"search_term_string"}}],"inLanguage":"de"},{"@type":"Organization","@id":"https:\/\/www.baunor.com\/#organization","name":"Baubedarf &amp; Werkzeuge online kaufen","url":"https:\/\/www.baunor.com\/","logo":{"@type":"ImageObject","inLanguage":"de","@id":"https:\/\/www.baunor.com\/#\/schema\/logo\/image\/","url":"https:\/\/www.baunor.com\/wp-content\/uploads\/2026\/04\/baunor_logo_460x100_v2.svg","contentUrl":"https:\/\/www.baunor.com\/wp-content\/uploads\/2026\/04\/baunor_logo_460x100_v2.svg","width":460,"height":100,"caption":"Baubedarf &amp; Werkzeuge online kaufen"},"image":{"@id":"https:\/\/www.baunor.com\/#\/schema\/logo\/image\/"}}]}},"_links":{"self":[{"href":"https:\/\/www.baunor.com\/wp-json\/wp\/v2\/product\/88173","targetHints":{"allow":["GET"]}}],"collection":[{"href":"https:\/\/www.baunor.com\/wp-json\/wp\/v2\/product"}],"about":[{"href":"https:\/\/www.baunor.com\/wp-json\/wp\/v2\/types\/product"}],"wp:featuredmedia":[{"embeddable":true,"href":"https:\/\/www.baunor.com\/wp-json\/wp\/v2\/media\/88273"}],"wp:attachment":[{"href":"https:\/\/www.baunor.com\/wp-json\/wp\/v2\/media?parent=88173"}],"wp:term":[{"taxonomy":"product_brand","embeddable":true,"href":"https:\/\/www.baunor.com\/wp-json\/wp\/v2\/product_brand?post=88173"},{"taxonomy":"product_cat","embeddable":true,"href":"https:\/\/www.baunor.com\/wp-json\/wp\/v2\/product_cat?post=88173"},{"taxonomy":"product_tag","embeddable":true,"href":"https:\/\/www.baunor.com\/wp-json\/wp\/v2\/product_tag?post=88173"}],"curies":[{"name":"wp","href":"https:\/\/api.w.org\/{rel}","templated":true}]}}